{"id":14016,"date":"2021-06-25T08:01:30","date_gmt":"2021-06-25T06:01:30","guid":{"rendered":"https:\/\/pivovarzichovec.cz\/produkt\/stolen-haze-15-500ml\/"},"modified":"2026-04-24T15:43:42","modified_gmt":"2026-04-24T13:43:42","slug":"stolen-haze-15-500ml","status":"publish","type":"product","link":"https:\/\/pivovarzichovec.cz\/en\/product\/stolen-haze-15-500ml\/","title":{"rendered":"STOLEN HAZE 15"},"content":{"rendered":"<p>A cooperative batch with one of the best gypsy breweries in our country, \u010cern\u00fd potoka brewery.<\/p>\n<p>It&#8217;s a beer style that Va\u0161ek from \u010cern\u00fd Potoka and us really like, the New England IPA style. Juicy character from Amarillo and Citra hops and a very smooth velvety texture from oatmeal and wheat malt. The aroma and taste are very fruity and that&#8217;s how we like it.<\/p>\n<p>500 ml, alcohol 7 % vol.<\/p>\n","protected":false},"excerpt":{"rendered":"<p>A cooperative batch with one of the best gypsy breweries in our country, \u010cern\u00fd potoka brewery. Very juicy neipa with citra hops.<\/p>\n<p>500 ml, 7 % alcohol by volume.<\/p>\n","protected":false},"featured_media":14005,"comment_status":"closed","ping_status":"closed","template":"","meta":{"_acf_changed":false},"product_brand":[],"product_cat":[215,212,211],"product_tag":[],"class_list":{"0":"post-14016","1":"product","2":"type-product","3":"status-publish","4":"has-post-thumbnail","6":"product_cat-our-beers","7":"product_cat-cooperation","8":"product_cat-novelties-limited-beers","9":"pa_chut-hoppy","10":"pa_kategorie-cooperation","11":"pa_kategorie-novelties-limited-beers","12":"pa_konzumace-served-and-drink-chilled","13":"pa_obal-can","14":"pa_skladovani-protect-from-frost-and-direct-sunlight-store-up-to-8c","16":"first","17":"outofstock","18":"taxable","19":"shipping-taxable","20":"purchasable","21":"product-type-simple"},"bundle_layout":"","bundled_by":[],"bundled_items":[],"acf":[],"_links":{"self":[{"href":"https:\/\/pivovarzichovec.cz\/en\/wp-json\/wp\/v2\/product\/14016","targetHints":{"allow":["GET"]}}],"collection":[{"href":"https:\/\/pivovarzichovec.cz\/en\/wp-json\/wp\/v2\/product"}],"about":[{"href":"https:\/\/pivovarzichovec.cz\/en\/wp-json\/wp\/v2\/types\/product"}],"replies":[{"embeddable":true,"href":"https:\/\/pivovarzichovec.cz\/en\/wp-json\/wp\/v2\/comments?post=14016"}],"version-history":[{"count":0,"href":"https:\/\/pivovarzichovec.cz\/en\/wp-json\/wp\/v2\/product\/14016\/revisions"}],"wp:featuredmedia":[{"embeddable":true,"href":"https:\/\/pivovarzichovec.cz\/en\/wp-json\/wp\/v2\/media\/14005"}],"wp:attachment":[{"href":"https:\/\/pivovarzichovec.cz\/en\/wp-json\/wp\/v2\/media?parent=14016"}],"wp:term":[{"taxonomy":"product_brand","embeddable":true,"href":"https:\/\/pivovarzichovec.cz\/en\/wp-json\/wp\/v2\/product_brand?post=14016"},{"taxonomy":"product_cat","embeddable":true,"href":"https:\/\/pivovarzichovec.cz\/en\/wp-json\/wp\/v2\/product_cat?post=14016"},{"taxonomy":"product_tag","embeddable":true,"href":"https:\/\/pivovarzichovec.cz\/en\/wp-json\/wp\/v2\/product_tag?post=14016"}],"curies":[{"name":"wp","href":"https:\/\/api.w.org\/{rel}","templated":true}]}}