{"id":15353,"date":"2021-08-05T12:46:54","date_gmt":"2021-08-05T10:46:54","guid":{"rendered":"https:\/\/pivovarzichovec.cz\/produkt\/syfany-rulandske-bile-15\/"},"modified":"2026-04-30T07:13:24","modified_gmt":"2026-04-30T05:13:24","slug":"syfany-rulandske-bile-15","status":"publish","type":"product","link":"https:\/\/pivovarzichovec.cz\/en\/product\/syfany-rulandske-bile-15\/","title":{"rendered":"SYFANY RULANDSK\u00c9 B\u00cdL\u00c9 15\u00b4"},"content":{"rendered":"<div class=\"et_pb_module et_pb_text et_pb_text_2 et_pb_text_align_left et_pb_bg_layout_light\">\n<div class=\"et_pb_text_inner\">\n<p>&#8220;WE ARE CONVINCED THAT WINE IS A LIVING ORGANISM WHICH CAN TELL ITSELF WHEN IT NEEDS A HELPING HAND IN ITS DEVELOPMENT AND WHEN YOU NEED TO GIVE IT A REST AND PLENTY OF TIME SO THAT EACH VARIETY COULD HELPED ITSELF OUT SPONTANEOUSLY IN EACH YEAR AND WITHOUT STRESSFUL AND ACCELERATING INVASIVE INTERVENTIONS.<\/p>\n<\/div>\n<\/div>\n<div class=\"et_pb_module et_pb_text et_pb_text_3 et_pb_text_align_left et_pb_bg_layout_light\">\n<div class=\"et_pb_text_inner\">\n<p>Everything from our production comes from South Moravia \u2013 grapes which matures on our vineyard in Vrbice village, a traditional South Moravian variety of wines or acacia wine cask handcrafted in the neighboring village. From this care every vintage gets its character and the imprint of our home region.<\/p>\n<p>We are not using additives, such as selected yeasts, enzymes and other substances, which, in our opinion, doesn\u2019t belong into really good, traditional wine. When making our wine we follow our sense, hearths and knowledge of our ancestors. Every vintage is new for us and we\u2019re learning more and more every day.<br \/>\nOur wine is not waiting for your compliments, only for your connection, care and patience. Give them this in same amount as us and our wine will reward you with remarkable enjoyment.&#8221;<\/p>\n<p>Jakub Zborovk\u00fd, winemaker<\/p>\n<\/div>\n<\/div>\n","protected":false},"excerpt":{"rendered":"<p>The Trkmanska grapes come from vineyards in Velk\u00e9 Pavlovice region. Wine fermented and then aged for 9 months in Accacia barrels made by local cooper from wood in nearby forests. The wine is of thick yellow colour with light greenish touch, shiny glance and very good viscosity. Well matured, very full and thick aroma with notes of marmelade with and ripe citrus,\u00a0tones of bread crust and vanilla. Full flavour with fresh acidity, with tones of white grapefruit and soft earthy character. The finish is long and pleasantly harmonic.<\/p>\n<p>Bottled with soft dregs.<\/p>\n<p>&nbsp;<\/p>\n","protected":false},"featured_media":14911,"comment_status":"open","ping_status":"closed","template":"","meta":{"_acf_changed":false},"product_brand":[],"product_cat":[207,300],"product_tag":[],"class_list":{"0":"post-15353","1":"product","2":"type-product","3":"status-publish","4":"has-post-thumbnail","6":"product_cat-beers-guests","7":"product_cat-natural-wines-en","8":"pa_chut-dry","9":"pa_kategorie-natural-wines","10":"pa_konzumace-served-and-drink-chilled","11":"pa_obal-bottle","12":"pa_skladovani-protect-from-frost-and-direct-sunlight-store-up-to-8c","14":"first","15":"outofstock","16":"taxable","17":"shipping-taxable","18":"purchasable","19":"product-type-simple"},"bundle_layout":"","bundled_by":[],"bundled_items":[],"acf":[],"_links":{"self":[{"href":"https:\/\/pivovarzichovec.cz\/en\/wp-json\/wp\/v2\/product\/15353","targetHints":{"allow":["GET"]}}],"collection":[{"href":"https:\/\/pivovarzichovec.cz\/en\/wp-json\/wp\/v2\/product"}],"about":[{"href":"https:\/\/pivovarzichovec.cz\/en\/wp-json\/wp\/v2\/types\/product"}],"replies":[{"embeddable":true,"href":"https:\/\/pivovarzichovec.cz\/en\/wp-json\/wp\/v2\/comments?post=15353"}],"version-history":[{"count":0,"href":"https:\/\/pivovarzichovec.cz\/en\/wp-json\/wp\/v2\/product\/15353\/revisions"}],"wp:featuredmedia":[{"embeddable":true,"href":"https:\/\/pivovarzichovec.cz\/en\/wp-json\/wp\/v2\/media\/14911"}],"wp:attachment":[{"href":"https:\/\/pivovarzichovec.cz\/en\/wp-json\/wp\/v2\/media?parent=15353"}],"wp:term":[{"taxonomy":"product_brand","embeddable":true,"href":"https:\/\/pivovarzichovec.cz\/en\/wp-json\/wp\/v2\/product_brand?post=15353"},{"taxonomy":"product_cat","embeddable":true,"href":"https:\/\/pivovarzichovec.cz\/en\/wp-json\/wp\/v2\/product_cat?post=15353"},{"taxonomy":"product_tag","embeddable":true,"href":"https:\/\/pivovarzichovec.cz\/en\/wp-json\/wp\/v2\/product_tag?post=15353"}],"curies":[{"name":"wp","href":"https:\/\/api.w.org\/{rel}","templated":true}]}}