{"id":18934,"date":"2021-11-19T10:35:26","date_gmt":"2021-11-19T09:35:27","guid":{"rendered":"https:\/\/pivovarzichovec.cz\/?post_type=product&#038;p=18934"},"modified":"2026-04-19T10:29:33","modified_gmt":"2026-04-19T08:29:33","slug":"coconut-vanilla-cacao-stout-2021","status":"publish","type":"product","link":"https:\/\/pivovarzichovec.cz\/en\/product\/coconut-vanilla-cacao-stout-2021\/","title":{"rendered":"COCONUT VANILLA CACAO STOUT 2021"},"content":{"rendered":"<p><span data-contrast=\"auto\">H<\/span><span data-contrast=\"auto\">umbling patience, intense care but also fortune telling, these all are abilities our brewers utilize during the brewing process of our most challenging series of beer. The inception of our barrel-aged stouts is very similar to our standard beers, except we aren&#8217;t brewing the beer to taste great immediately, but instead we brew it so it grows to taste good in a two years time. Before we put them in the barrels, our stouts are very rough, bitter and frankly not that easy to drink, it&#8217;s the time and wood, that smoothens them out and makes them an awesome experience.<\/span><\/p>\n<p>&nbsp;<\/p>\n<p><span data-contrast=\"auto\">After a three months fermentation we age our stout in barrels after American Bourbon, Scottish whisky or Jamaican rum for at least 18 months and after they are finnished we taste all the barrels ready to be harvested and divide the into several blends. The best barrels we blend into pure forms, whereas for additions we choose barrels according to the character of the chosen ingredient. For example as coconut smoothens out, we can choose a bit rougher barrels as a vessel for it.<\/span><\/p>\n<p>&nbsp;<\/p>\n<p><span data-contrast=\"auto\">Barrel harvest this year: 34 barrels, 9 blends.<\/span><\/p>\n<p>&nbsp;<\/p>\n<p><span data-contrast=\"auto\">Taste them all.<\/span><\/p>\n<p>&nbsp;<\/p>\n<p>375 ml, alc 14,5% vol<\/p>\n","protected":false},"excerpt":{"rendered":"<p><span data-contrast=\"auto\">For our cocoa-vanilla barrel-aged beer we blended several of our 18 months bourbon barrel aged stouts that developed a softer character, providing a great base for addition of coconu, cacao nibs and vanilla beans. So came to be a warming sensation with complex flavour, that well compliments the woody properties given by the barrels.<\/span><\/p>\n<p><span data-contrast=\"auto\">Illustrations for our barrels series are made by indie artists, so that the quality of the packaging reflects the quality of the beers.<\/span><\/p>\n<p><span data-contrast=\"auto\">Label artist is <\/span><span data-contrast=\"auto\">Patrik Kri\u0161\u0161\u00e1k, from the L\u00f6bling collection.<\/span><\/p>\n<p>&nbsp;<\/p>\n<p>375 ml, alc 14,5% vol<\/p>\n","protected":false},"featured_media":18977,"comment_status":"open","ping_status":"closed","template":"","meta":{"_acf_changed":false},"product_brand":[],"product_cat":[215,214,211],"product_tag":[],"class_list":{"0":"post-18934","1":"product","2":"type-product","3":"status-publish","4":"has-post-thumbnail","6":"product_cat-our-beers","7":"product_cat-barrel-beers","8":"product_cat-novelties-limited-beers","9":"pa_kategorie-barrel-beers","10":"pa_kategorie-novelties-limited-beers","11":"pa_konzumace-served-and-drink-chilled","12":"pa_obal-bottle","13":"pa_skladovani-protect-from-frost-and-direct-sunlight-store-up-to-8c","14":"pa_slozeni-water-barley-malts-wheat-malts-oatmeal-coconut-cocoa-beans-vanilla-pods-hop-products","16":"first","17":"outofstock","18":"taxable","19":"shipping-taxable","20":"purchasable","21":"product-type-simple"},"bundle_layout":"","bundled_by":["21101"],"bundled_items":[],"acf":[],"_links":{"self":[{"href":"https:\/\/pivovarzichovec.cz\/en\/wp-json\/wp\/v2\/product\/18934","targetHints":{"allow":["GET"]}}],"collection":[{"href":"https:\/\/pivovarzichovec.cz\/en\/wp-json\/wp\/v2\/product"}],"about":[{"href":"https:\/\/pivovarzichovec.cz\/en\/wp-json\/wp\/v2\/types\/product"}],"replies":[{"embeddable":true,"href":"https:\/\/pivovarzichovec.cz\/en\/wp-json\/wp\/v2\/comments?post=18934"}],"version-history":[{"count":0,"href":"https:\/\/pivovarzichovec.cz\/en\/wp-json\/wp\/v2\/product\/18934\/revisions"}],"wp:featuredmedia":[{"embeddable":true,"href":"https:\/\/pivovarzichovec.cz\/en\/wp-json\/wp\/v2\/media\/18977"}],"wp:attachment":[{"href":"https:\/\/pivovarzichovec.cz\/en\/wp-json\/wp\/v2\/media?parent=18934"}],"wp:term":[{"taxonomy":"product_brand","embeddable":true,"href":"https:\/\/pivovarzichovec.cz\/en\/wp-json\/wp\/v2\/product_brand?post=18934"},{"taxonomy":"product_cat","embeddable":true,"href":"https:\/\/pivovarzichovec.cz\/en\/wp-json\/wp\/v2\/product_cat?post=18934"},{"taxonomy":"product_tag","embeddable":true,"href":"https:\/\/pivovarzichovec.cz\/en\/wp-json\/wp\/v2\/product_tag?post=18934"}],"curies":[{"name":"wp","href":"https:\/\/api.w.org\/{rel}","templated":true}]}}