{"id":41533,"date":"2020-11-17T12:45:09","date_gmt":"2020-11-17T11:45:09","guid":{"rendered":"https:\/\/pivovarzichovec.cz\/produkt\/cerny-potoka-cloud-scanner-galaxy-simcoe-15\/"},"modified":"2026-04-11T05:29:40","modified_gmt":"2026-04-11T03:29:40","slug":"cerny-potoka-cloud-scanner-galaxy-simcoe-15","status":"publish","type":"product","link":"https:\/\/pivovarzichovec.cz\/en\/product\/cerny-potoka-cloud-scanner-galaxy-simcoe-15\/","title":{"rendered":"\u010cERN\u00dd POTOKA CLOUD SCANNER 15"},"content":{"rendered":"<p><span class=\"TextRun SCXO231924555 BCX0\" lang=\"CS-CZ\" xml:lang=\"CS-CZ\" data-contrast=\"auto\"><span class=\"NormalTextRun SCXO231924555 BCX0\">Cloud Scanner is the returning New England IPA from the \u010dern\u00fd potoka brewery, this time with a new lineup of Idaho 7 and Simcoe hops, that give the beer a rich resinous and citrus flavor. Oatmeal take care of the soft body and, thanks to the properties of the hops used, there is also a slight bitterness.<\/span><\/span><span class=\"EOP SCXO231924555 BCX0\">\u00a0<\/span><\/p>\n<p>&nbsp;<\/p>\n<p><span data-contrast=\"auto\">The brewery \u010cern\u00fd potoka has become a legend amongst Czech craft beer scene thanks to it&#8217;s extremely aromatic IPAs in the time when most of Czech brewers yet did their first baby steps in the world of modern american brewing. The story of Va\u0161ek Vom\u00e1\u010dko and his brewery is a tale that every homebrewer dreams of. Va\u0161ek took on a journey from the pot in his kitchen to one of the leading Czech breweries in the matter of years and many of his beers stand as a benchmark to modern American styles. What&#8217;s more, Va\u0161ek and his family, that regularly helps him with running his brewery, is a great bunch, you&#8217;ll always have a great conversation with.<\/span><\/p>\n<p><span data-contrast=\"auto\">\u010cern\u00fd potoka\u00a0functions\u00a0as a\u00a0contract\u00a0brewery\u00a0founded\u00a0in 2016 and\u00a0they\u00a0brew\u00a0their\u00a0beers\u00a0withing\u00a0the\u00a0Jungberg\u00a0brewery\u00a0in\u00a0the\u00a0size\u00a0of\u00a0couple\u00a0hundred\u00a0hectolitres\u00a0a\u00a0year.<\/span><\/p>\n","protected":false},"excerpt":{"rendered":"<p><span class=\"TextRun SCXO119175194 BCX0\" lang=\"CS-CZ\" xml:lang=\"CS-CZ\" data-contrast=\"auto\"><span class=\"NormalTextRun SCXO119175194 BCX0\">Cloud Scanner is the returning New England IPA from the \u010dern\u00fd potoka brewery, this time with a new lineup of Idaho 7 and Simcoe hops, that give the beer a rich resinous and citrus flavor. Oatmeal take care of the soft body and, thanks to the properties of the hops used, there is also a slight bitterness.<\/span><\/span><span class=\"EOP SCXO119175194 BCX0\">\u00a0<\/span><\/p>\n","protected":false},"featured_media":41530,"comment_status":"closed","ping_status":"closed","template":"","meta":{"_acf_changed":false},"product_brand":[],"product_cat":[207,220],"product_tag":[],"class_list":{"0":"post-41533","1":"product","2":"type-product","3":"status-publish","4":"has-post-thumbnail","6":"product_cat-beers-guests","7":"product_cat-beer","8":"pa_kategorie-beer","9":"pa_konzumace-served-and-drink-chilled","10":"pa_skladovani-protect-from-frost-and-direct-sunlight-store-up-to-8c","12":"first","13":"outofstock","14":"taxable","15":"shipping-taxable","16":"purchasable","17":"product-type-simple"},"bundle_layout":"","bundled_by":[],"bundled_items":[],"acf":[],"_links":{"self":[{"href":"https:\/\/pivovarzichovec.cz\/en\/wp-json\/wp\/v2\/product\/41533","targetHints":{"allow":["GET"]}}],"collection":[{"href":"https:\/\/pivovarzichovec.cz\/en\/wp-json\/wp\/v2\/product"}],"about":[{"href":"https:\/\/pivovarzichovec.cz\/en\/wp-json\/wp\/v2\/types\/product"}],"replies":[{"embeddable":true,"href":"https:\/\/pivovarzichovec.cz\/en\/wp-json\/wp\/v2\/comments?post=41533"}],"version-history":[{"count":0,"href":"https:\/\/pivovarzichovec.cz\/en\/wp-json\/wp\/v2\/product\/41533\/revisions"}],"wp:featuredmedia":[{"embeddable":true,"href":"https:\/\/pivovarzichovec.cz\/en\/wp-json\/wp\/v2\/media\/41530"}],"wp:attachment":[{"href":"https:\/\/pivovarzichovec.cz\/en\/wp-json\/wp\/v2\/media?parent=41533"}],"wp:term":[{"taxonomy":"product_brand","embeddable":true,"href":"https:\/\/pivovarzichovec.cz\/en\/wp-json\/wp\/v2\/product_brand?post=41533"},{"taxonomy":"product_cat","embeddable":true,"href":"https:\/\/pivovarzichovec.cz\/en\/wp-json\/wp\/v2\/product_cat?post=41533"},{"taxonomy":"product_tag","embeddable":true,"href":"https:\/\/pivovarzichovec.cz\/en\/wp-json\/wp\/v2\/product_tag?post=41533"}],"curies":[{"name":"wp","href":"https:\/\/api.w.org\/{rel}","templated":true}]}}