{"id":45314,"date":"2023-04-17T09:59:15","date_gmt":"2023-04-17T07:59:16","guid":{"rendered":"https:\/\/pivovarzichovec.cz\/?post_type=product&#038;p=45314"},"modified":"2026-04-16T03:13:27","modified_gmt":"2026-04-16T01:13:27","slug":"chroust-brewing-co-madame-wu-11","status":"publish","type":"product","link":"https:\/\/pivovarzichovec.cz\/en\/product\/chroust-brewing-co-madame-wu-11\/","title":{"rendered":"Chroust Brewing CO Madame Wu 11"},"content":{"rendered":"<p><span data-contrast=\"auto\">Chroust Brewing CO is with us since 2016 and they have already achieved quite a strong position within the Czech craft beer world. Karol\u00edna and Ji\u0159\u00ed Chroustovsk\u00fd\/\u00e1 together created a project, that is, even with its small size, a substantial power in the field of inovation in our brewing world. They brought first Czech iterations of modern styles like Milksahek IPA or brut IPA and they never stop supplying us with new interesting brews, that reflect the lates brewing methods, knowledge, ingredients and hops.<\/span><\/p>\n<p>&nbsp;<\/p>\n<p><span data-contrast=\"auto\">Chroust brewing stopped &#8220;flying around&#8221; in 2021 and now make they beers only in Fenetra brewery, where they nested with their own six tanks. They are still a contract brewery, even thou they only brew with one brewery now.<\/span><\/p>\n","protected":false},"excerpt":{"rendered":"<p><span class=\"TextRun SCXO161394289 BCX0\" lang=\"CS-CZ\" xml:lang=\"CS-CZ\" data-contrast=\"auto\"><span class=\"NormalTextRun SCXO161394289 BCX0\">A light but very aromatic IPA with an exotic taste of three aromatic American hop varieties. Sabro, Strata and Cryo Citra give a very rich and complex taste of citrus, pineapple and strawberry, which is complemented by a pleasant malt profile of Marris Otter English malt.<\/span><\/span><span class=\"EOP SCXO161394289 BCX0\">\u00a0<\/span><\/p>\n","protected":false},"featured_media":45312,"comment_status":"open","ping_status":"closed","template":"","meta":{"_acf_changed":false},"product_brand":[],"product_cat":[207,220],"product_tag":[],"class_list":{"0":"post-45314","1":"product","2":"type-product","3":"status-publish","4":"has-post-thumbnail","6":"product_cat-beers-guests","7":"product_cat-beer","8":"pa_skladovani-protect-from-frost-and-direct-sunlight-store-up-to-8c","10":"first","11":"outofstock","12":"taxable","13":"shipping-taxable","14":"purchasable","15":"product-type-simple"},"bundle_layout":"","bundled_by":[],"bundled_items":[],"acf":[],"_links":{"self":[{"href":"https:\/\/pivovarzichovec.cz\/en\/wp-json\/wp\/v2\/product\/45314","targetHints":{"allow":["GET"]}}],"collection":[{"href":"https:\/\/pivovarzichovec.cz\/en\/wp-json\/wp\/v2\/product"}],"about":[{"href":"https:\/\/pivovarzichovec.cz\/en\/wp-json\/wp\/v2\/types\/product"}],"replies":[{"embeddable":true,"href":"https:\/\/pivovarzichovec.cz\/en\/wp-json\/wp\/v2\/comments?post=45314"}],"version-history":[{"count":0,"href":"https:\/\/pivovarzichovec.cz\/en\/wp-json\/wp\/v2\/product\/45314\/revisions"}],"wp:featuredmedia":[{"embeddable":true,"href":"https:\/\/pivovarzichovec.cz\/en\/wp-json\/wp\/v2\/media\/45312"}],"wp:attachment":[{"href":"https:\/\/pivovarzichovec.cz\/en\/wp-json\/wp\/v2\/media?parent=45314"}],"wp:term":[{"taxonomy":"product_brand","embeddable":true,"href":"https:\/\/pivovarzichovec.cz\/en\/wp-json\/wp\/v2\/product_brand?post=45314"},{"taxonomy":"product_cat","embeddable":true,"href":"https:\/\/pivovarzichovec.cz\/en\/wp-json\/wp\/v2\/product_cat?post=45314"},{"taxonomy":"product_tag","embeddable":true,"href":"https:\/\/pivovarzichovec.cz\/en\/wp-json\/wp\/v2\/product_tag?post=45314"}],"curies":[{"name":"wp","href":"https:\/\/api.w.org\/{rel}","templated":true}]}}