{"id":46421,"date":"2023-06-12T11:28:05","date_gmt":"2023-06-12T09:28:06","guid":{"rendered":"https:\/\/pivovarzichovec.cz\/?post_type=product&#038;p=46421"},"modified":"2026-04-28T21:43:31","modified_gmt":"2026-04-28T19:43:31","slug":"maly-lezak-8","status":"publish","type":"product","link":"https:\/\/pivovarzichovec.cz\/en\/product\/maly-lezak-8\/","title":{"rendered":"Mal\u00fd le\u017e\u00e1k 8"},"content":{"rendered":"<p><span class=\"TextRun SCXO212639050 BCX0\" lang=\"CS-CZ\" xml:lang=\"CS-CZ\" data-contrast=\"auto\"><span class=\"NormalTextRun SCXO212639050 BCX0\">Osmi\u010dka (an eight) was historically a beer for work, which was most often drunk by smelters and glassworkers, and it gradually became a summer specialty for hot days.Not only summer, but also the general shift towards light beers recently inspires us to focus more and more on light beers. That is why, after many years, we are finally presenting you with the mythical Czech eight. It has won the hearts of many a beer enthusiast, because in addition to its lightness and drinkability, an eight also perfectly portrays the maltiness and hoppiness typical of Czech beer.<\/span><\/span><span class=\"EOP SCXO212639050 BCX0\">\u00a0<\/span><\/p>\n","protected":false},"excerpt":{"rendered":"<p><span data-contrast=\"auto\">The summer season calls for an easy-drinking &#8220;cycling beer&#8221; for daily sipping. That&#8217;s why we present you our new light lager, which, despite its low alcohol and gravity, perfectly displays the bitterness and aroma of the Czech Saaz hops.<\/span><\/p>\n","protected":false},"featured_media":46455,"comment_status":"closed","ping_status":"closed","template":"","meta":{"_acf_changed":false},"product_brand":[],"product_cat":[215,211],"product_tag":[],"class_list":{"0":"post-46421","1":"product","2":"type-product","3":"status-publish","4":"has-post-thumbnail","6":"product_cat-our-beers","7":"product_cat-novelties-limited-beers","8":"pa_chut-bitter","9":"pa_chut-malty","10":"pa_kategorie-novelties-limited-beers","11":"pa_konzumace-served-and-drink-chilled","12":"pa_obal-can","13":"pa_skladovani-protect-from-frost-and-direct-sunlight-store-up-to-8c","15":"first","16":"outofstock","17":"taxable","18":"shipping-taxable","19":"purchasable","20":"product-type-simple"},"bundle_layout":"","bundled_by":["46437"],"bundled_items":[],"acf":[],"_links":{"self":[{"href":"https:\/\/pivovarzichovec.cz\/en\/wp-json\/wp\/v2\/product\/46421","targetHints":{"allow":["GET"]}}],"collection":[{"href":"https:\/\/pivovarzichovec.cz\/en\/wp-json\/wp\/v2\/product"}],"about":[{"href":"https:\/\/pivovarzichovec.cz\/en\/wp-json\/wp\/v2\/types\/product"}],"replies":[{"embeddable":true,"href":"https:\/\/pivovarzichovec.cz\/en\/wp-json\/wp\/v2\/comments?post=46421"}],"version-history":[{"count":0,"href":"https:\/\/pivovarzichovec.cz\/en\/wp-json\/wp\/v2\/product\/46421\/revisions"}],"wp:featuredmedia":[{"embeddable":true,"href":"https:\/\/pivovarzichovec.cz\/en\/wp-json\/wp\/v2\/media\/46455"}],"wp:attachment":[{"href":"https:\/\/pivovarzichovec.cz\/en\/wp-json\/wp\/v2\/media?parent=46421"}],"wp:term":[{"taxonomy":"product_brand","embeddable":true,"href":"https:\/\/pivovarzichovec.cz\/en\/wp-json\/wp\/v2\/product_brand?post=46421"},{"taxonomy":"product_cat","embeddable":true,"href":"https:\/\/pivovarzichovec.cz\/en\/wp-json\/wp\/v2\/product_cat?post=46421"},{"taxonomy":"product_tag","embeddable":true,"href":"https:\/\/pivovarzichovec.cz\/en\/wp-json\/wp\/v2\/product_tag?post=46421"}],"curies":[{"name":"wp","href":"https:\/\/api.w.org\/{rel}","templated":true}]}}