{"id":46521,"date":"2023-06-16T11:52:58","date_gmt":"2023-06-16T09:53:00","guid":{"rendered":"https:\/\/pivovarzichovec.cz\/?post_type=product&#038;p=46521"},"modified":"2026-05-01T12:43:31","modified_gmt":"2026-05-01T10:43:31","slug":"cerveza-11","status":"publish","type":"product","link":"https:\/\/pivovarzichovec.cz\/en\/product\/cerveza-11\/","title":{"rendered":"Cerveza 11"},"content":{"rendered":"<p><span class=\"TextRun SCXO150135118 BCX0\" lang=\"CS-CZ\" xml:lang=\"CS-CZ\" data-contrast=\"auto\"><span class=\"NormalTextRun SCXO150135118 BCX0\">We&#8217;ve been wanting to brew a Mexican Lager for a long time, but we needed someone to push us over the edge. For this we owe to our partnered Prague craft beer bar Mysl\u00eds?, who introduced us to the people behind the Latin American culture festival called Merk\u00e1do. It is with Merk\u00e1do that we are finally realizing a version of the Mexican corn lager, which is perfect for summer sipping. This is due mainly to its attenuated body, light bitterness and a small amount of attractive hops with the elegant Czech variety Saaz Shine. We are releasing the beer on the occasion of the tenth anniversary of the Merk\u00e1da festival, so it cannot be missed!<\/span><\/span><span class=\"EOP SCXO150135118 BCX0\">\u00a0<\/span><\/p>\n","protected":false},"excerpt":{"rendered":"<p><span class=\"TextRun SCXO173848100 BCX0\" lang=\"CS-CZ\" xml:lang=\"CS-CZ\" data-contrast=\"auto\"><span class=\"NormalTextRun SCXO173848100 BCX0\">Mexican lager brewed in collaboration with the Merk\u00e1do cultural festival, dedicated to Latin American gastronomy and culture. The lager is according to the Mexican style, i.e. very dry, drinkable, with a proportion of corn in the grist and light, elegant hopping.<\/span><\/span><span class=\"EOP SCXO173848100 BCX0\">\u00a0<\/span><\/p>\n","protected":false},"featured_media":46527,"comment_status":"closed","ping_status":"closed","template":"","meta":{"_acf_changed":false},"product_brand":[],"product_cat":[215,212,211],"product_tag":[],"class_list":{"0":"post-46521","1":"product","2":"type-product","3":"status-publish","4":"has-post-thumbnail","6":"product_cat-our-beers","7":"product_cat-cooperation","8":"product_cat-novelties-limited-beers","9":"pa_chut-atypic","10":"pa_kategorie-cooperation","11":"pa_kategorie-novelties-limited-beers","12":"pa_konzumace-served-and-drink-chilled","13":"pa_obal-can","14":"pa_skladovani-protect-from-frost-and-direct-sunlight-store-up-to-8c","16":"first","17":"outofstock","18":"taxable","19":"shipping-taxable","20":"purchasable","21":"product-type-simple"},"bundle_layout":"","bundled_by":[],"bundled_items":[],"acf":[],"_links":{"self":[{"href":"https:\/\/pivovarzichovec.cz\/en\/wp-json\/wp\/v2\/product\/46521","targetHints":{"allow":["GET"]}}],"collection":[{"href":"https:\/\/pivovarzichovec.cz\/en\/wp-json\/wp\/v2\/product"}],"about":[{"href":"https:\/\/pivovarzichovec.cz\/en\/wp-json\/wp\/v2\/types\/product"}],"replies":[{"embeddable":true,"href":"https:\/\/pivovarzichovec.cz\/en\/wp-json\/wp\/v2\/comments?post=46521"}],"version-history":[{"count":0,"href":"https:\/\/pivovarzichovec.cz\/en\/wp-json\/wp\/v2\/product\/46521\/revisions"}],"wp:featuredmedia":[{"embeddable":true,"href":"https:\/\/pivovarzichovec.cz\/en\/wp-json\/wp\/v2\/media\/46527"}],"wp:attachment":[{"href":"https:\/\/pivovarzichovec.cz\/en\/wp-json\/wp\/v2\/media?parent=46521"}],"wp:term":[{"taxonomy":"product_brand","embeddable":true,"href":"https:\/\/pivovarzichovec.cz\/en\/wp-json\/wp\/v2\/product_brand?post=46521"},{"taxonomy":"product_cat","embeddable":true,"href":"https:\/\/pivovarzichovec.cz\/en\/wp-json\/wp\/v2\/product_cat?post=46521"},{"taxonomy":"product_tag","embeddable":true,"href":"https:\/\/pivovarzichovec.cz\/en\/wp-json\/wp\/v2\/product_tag?post=46521"}],"curies":[{"name":"wp","href":"https:\/\/api.w.org\/{rel}","templated":true}]}}