{"id":47576,"date":"2023-08-03T15:11:08","date_gmt":"2023-08-03T13:11:09","guid":{"rendered":"https:\/\/pivovarzichovec.cz\/?post_type=product&#038;p=47576"},"modified":"2026-05-07T12:43:43","modified_gmt":"2026-05-07T10:43:43","slug":"chroust-kung-fu-hamster-13-kopirovat","status":"publish","type":"product","link":"https:\/\/pivovarzichovec.cz\/en\/product\/chroust-kung-fu-hamster-13-kopirovat\/","title":{"rendered":"Chroust Altus 12"},"content":{"rendered":"<p><span data-contrast=\"auto\">Chroust Brewing CO is with us since 2016 and they have already achieved quite a strong position within the Czech craft beer world. Karol\u00edna and Ji\u0159\u00ed Chroustovsk\u00fd\/\u00e1 together created a project, that is, even with its small size, a substantial power in the field of inovation in our brewing world. They brought first Czech iterations of modern styles like Milksahek IPA or brut IPA and they never stop supplying us with new interesting brews, that reflect the lates brewing methods, knowledge, ingredients and hops.<\/span><\/p>\n<p><span data-contrast=\"auto\">Chroust brewing stopped &#8220;flying around&#8221; in 2021 and now make they beers only in Fenetra brewery, where they nested with their own six tanks. They are still a contract brewery, even thou they only brew with one brewery now.<\/span><\/p>\n","protected":false},"excerpt":{"rendered":"<p><span class=\"TextRun SCXO235010389 BCX0\" lang=\"CS-CZ\" xml:lang=\"CS-CZ\" data-contrast=\"auto\"><span class=\"NormalTextRun SCXO235010389 BCX0\">Altus is a simple but flavourful Pale Ale hopped in a very modern style with the new New Zealand Nectaron hop. Thanks to this, it shows great drinkability and a really pleasant aroma of tropical fruit that will caress both your mind and tongue.<\/span><\/span><span class=\"EOP SCXO235010389 BCX0\">\u00a0<\/span><\/p>\n","protected":false},"featured_media":47616,"comment_status":"open","ping_status":"closed","template":"","meta":{"_acf_changed":false},"product_brand":[],"product_cat":[207,220],"product_tag":[],"class_list":{"0":"post-47576","1":"product","2":"type-product","3":"status-publish","4":"has-post-thumbnail","6":"product_cat-beers-guests","7":"product_cat-beer","8":"pa_chut-hoppy","9":"pa_kategorie-beer","10":"pa_konzumace-served-and-drink-chilled","11":"pa_obal-can","12":"pa_skladovani-protect-from-frost-and-direct-sunlight-store-up-to-8c","14":"first","15":"outofstock","16":"taxable","17":"shipping-taxable","18":"purchasable","19":"product-type-simple"},"bundle_layout":"","bundled_by":[],"bundled_items":[],"acf":[],"_links":{"self":[{"href":"https:\/\/pivovarzichovec.cz\/en\/wp-json\/wp\/v2\/product\/47576","targetHints":{"allow":["GET"]}}],"collection":[{"href":"https:\/\/pivovarzichovec.cz\/en\/wp-json\/wp\/v2\/product"}],"about":[{"href":"https:\/\/pivovarzichovec.cz\/en\/wp-json\/wp\/v2\/types\/product"}],"replies":[{"embeddable":true,"href":"https:\/\/pivovarzichovec.cz\/en\/wp-json\/wp\/v2\/comments?post=47576"}],"version-history":[{"count":0,"href":"https:\/\/pivovarzichovec.cz\/en\/wp-json\/wp\/v2\/product\/47576\/revisions"}],"wp:featuredmedia":[{"embeddable":true,"href":"https:\/\/pivovarzichovec.cz\/en\/wp-json\/wp\/v2\/media\/47616"}],"wp:attachment":[{"href":"https:\/\/pivovarzichovec.cz\/en\/wp-json\/wp\/v2\/media?parent=47576"}],"wp:term":[{"taxonomy":"product_brand","embeddable":true,"href":"https:\/\/pivovarzichovec.cz\/en\/wp-json\/wp\/v2\/product_brand?post=47576"},{"taxonomy":"product_cat","embeddable":true,"href":"https:\/\/pivovarzichovec.cz\/en\/wp-json\/wp\/v2\/product_cat?post=47576"},{"taxonomy":"product_tag","embeddable":true,"href":"https:\/\/pivovarzichovec.cz\/en\/wp-json\/wp\/v2\/product_tag?post=47576"}],"curies":[{"name":"wp","href":"https:\/\/api.w.org\/{rel}","templated":true}]}}