{"id":47794,"date":"2023-08-13T12:42:21","date_gmt":"2023-08-13T10:42:22","guid":{"rendered":"https:\/\/pivovarzichovec.cz\/?post_type=product&#038;p=47794"},"modified":"2026-04-15T00:43:19","modified_gmt":"2026-04-14T22:43:19","slug":"stout-willet-2023","status":"publish","type":"product","link":"https:\/\/pivovarzichovec.cz\/en\/product\/stout-willet-2023\/","title":{"rendered":"STOUT WILLET 2023"},"content":{"rendered":"<p><span class=\"TextRun SCXO220246350 BCX0\" lang=\"CS-CZ\" xml:lang=\"CS-CZ\" data-contrast=\"auto\"><span class=\"NormalTextRun SCXO220246350 BCX0\">Introducing the 2023 range of barrel aged stouts, which for us is the culmination of our pursuit of the most spectacular beers we are capable of producing. Our barrel room already has around 140 active barrels from various famous distilleries (Willet, Laphroiag, Rhum JM, Buffalo Trace, Four Roses, Woodford Reserve, Elijah Craig and others) and in them our strongest stouts mature for more than two years. This year, we will gradually introduce you to a total of 8 blends, created from 30 barrels aged for two years.<\/span><\/span><span class=\"EOP SCXO220246350 BCX0\">\u00a0<\/span><\/p>\n","protected":false},"excerpt":{"rendered":"<p><span class=\"TextRun SCXO215031030 BCX0\" lang=\"CS-CZ\" xml:lang=\"CS-CZ\" data-contrast=\"auto\"><span class=\"NormalTextRun SCXO215031030 BCX0\">We aged an extremely strong stout for two years in barrels of the rare and desirable Willett bourbon, which conveyed not only a pleasant line of American oak, but also notes of vanilla and walnuts. A dense dark malt body and a really warm experience await you. Luk\u00e1\u0161 Klad\u00edvko took care of the label art.<\/span><\/span><span class=\"EOP SCXO215031030 BCX0\">\u00a0<\/span><\/p>\n","protected":false},"featured_media":47874,"comment_status":"open","ping_status":"closed","template":"","meta":{"_acf_changed":false},"product_brand":[],"product_cat":[215,214,211],"product_tag":[],"class_list":{"0":"post-47794","1":"product","2":"type-product","3":"status-publish","4":"has-post-thumbnail","6":"product_cat-our-beers","7":"product_cat-barrel-beers","8":"product_cat-novelties-limited-beers","9":"pa_kategorie-barrel-beers","10":"pa_kategorie-novelties-limited-beers","11":"pa_konzumace-served-and-drink-chilled","12":"pa_obal-bottle","13":"pa_skladovani-protect-from-frost-and-direct-sunlight-store-up-to-8c","14":"pa_slozeni-water-barley-malts-wheat-malt-oatmeal-hop-products","16":"first","17":"outofstock","18":"taxable","19":"shipping-taxable","20":"purchasable","21":"product-type-simple"},"bundle_layout":"","bundled_by":["50723"],"bundled_items":[],"acf":[],"_links":{"self":[{"href":"https:\/\/pivovarzichovec.cz\/en\/wp-json\/wp\/v2\/product\/47794","targetHints":{"allow":["GET"]}}],"collection":[{"href":"https:\/\/pivovarzichovec.cz\/en\/wp-json\/wp\/v2\/product"}],"about":[{"href":"https:\/\/pivovarzichovec.cz\/en\/wp-json\/wp\/v2\/types\/product"}],"replies":[{"embeddable":true,"href":"https:\/\/pivovarzichovec.cz\/en\/wp-json\/wp\/v2\/comments?post=47794"}],"version-history":[{"count":0,"href":"https:\/\/pivovarzichovec.cz\/en\/wp-json\/wp\/v2\/product\/47794\/revisions"}],"wp:featuredmedia":[{"embeddable":true,"href":"https:\/\/pivovarzichovec.cz\/en\/wp-json\/wp\/v2\/media\/47874"}],"wp:attachment":[{"href":"https:\/\/pivovarzichovec.cz\/en\/wp-json\/wp\/v2\/media?parent=47794"}],"wp:term":[{"taxonomy":"product_brand","embeddable":true,"href":"https:\/\/pivovarzichovec.cz\/en\/wp-json\/wp\/v2\/product_brand?post=47794"},{"taxonomy":"product_cat","embeddable":true,"href":"https:\/\/pivovarzichovec.cz\/en\/wp-json\/wp\/v2\/product_cat?post=47794"},{"taxonomy":"product_tag","embeddable":true,"href":"https:\/\/pivovarzichovec.cz\/en\/wp-json\/wp\/v2\/product_tag?post=47794"}],"curies":[{"name":"wp","href":"https:\/\/api.w.org\/{rel}","templated":true}]}}