{"id":50773,"date":"2023-11-23T16:43:56","date_gmt":"2023-11-23T15:43:57","guid":{"rendered":"https:\/\/pivovarzichovec.cz\/?post_type=product&#038;p=50773"},"modified":"2026-04-18T10:13:29","modified_gmt":"2026-04-18T08:13:29","slug":"maly-jezisek-10-2","status":"publish","type":"product","link":"https:\/\/pivovarzichovec.cz\/en\/product\/maly-jezisek-10-2\/","title":{"rendered":"Mal\u00fd Je\u017e\u00ed\u0161ek 10"},"content":{"rendered":"<p><span data-contrast=\"auto\">For many years, we have focused mainly on stronger beers for Christmas. This year we also wanted to service those of you who appreciate lighter alcohol. We didn&#8217;t sacrifice the flavour tho, so for this Christmas we bring you a really richly hopped ligh gravity ale, modeled after West Coast IPA-style American beer.<\/span><\/p>\n","protected":false},"excerpt":{"rendered":"<p><span class=\"TextRun SCXO26001670 BCX0\" lang=\"CS-CZ\" xml:lang=\"CS-CZ\" data-contrast=\"auto\"><span class=\"NormalTextRun SCXO26001670 BCX0\">You already know our strong Christmas IPA Je\u017ei\u0161ek. Now we bring you its lighter version for those who like to take it easy on the big day. We hopped it with New Zealand varieties of Riwaka, Nectaron and Nelson Sauvin hops, which convey a balanced hop character and a pleasant bitterness supporting the drinkability.<\/span><\/span><span class=\"EOP SCXO26001670 BCX0\">\u00a0<\/span><\/p>\n","protected":false},"featured_media":50892,"comment_status":"closed","ping_status":"closed","template":"","meta":{"_acf_changed":false},"product_brand":[],"product_cat":[215,211],"product_tag":[],"class_list":{"0":"post-50773","1":"product","2":"type-product","3":"status-publish","4":"has-post-thumbnail","6":"product_cat-our-beers","7":"product_cat-novelties-limited-beers","8":"pa_chut-bitter","9":"pa_chut-hoppy","10":"pa_kategorie-novelties-limited-beers","11":"pa_kategorie-christmas-beer","12":"pa_konzumace-served-and-drink-chilled","13":"pa_obal-can","14":"pa_skladovani-protect-from-frost-and-direct-sunlight-store-up-to-8c","15":"pa_slozeni-water-barley-malts-hop-products","17":"first","18":"outofstock","19":"taxable","20":"shipping-taxable","21":"purchasable","22":"product-type-simple"},"bundle_layout":"","bundled_by":[],"bundled_items":[],"acf":[],"_links":{"self":[{"href":"https:\/\/pivovarzichovec.cz\/en\/wp-json\/wp\/v2\/product\/50773","targetHints":{"allow":["GET"]}}],"collection":[{"href":"https:\/\/pivovarzichovec.cz\/en\/wp-json\/wp\/v2\/product"}],"about":[{"href":"https:\/\/pivovarzichovec.cz\/en\/wp-json\/wp\/v2\/types\/product"}],"replies":[{"embeddable":true,"href":"https:\/\/pivovarzichovec.cz\/en\/wp-json\/wp\/v2\/comments?post=50773"}],"version-history":[{"count":0,"href":"https:\/\/pivovarzichovec.cz\/en\/wp-json\/wp\/v2\/product\/50773\/revisions"}],"wp:featuredmedia":[{"embeddable":true,"href":"https:\/\/pivovarzichovec.cz\/en\/wp-json\/wp\/v2\/media\/50892"}],"wp:attachment":[{"href":"https:\/\/pivovarzichovec.cz\/en\/wp-json\/wp\/v2\/media?parent=50773"}],"wp:term":[{"taxonomy":"product_brand","embeddable":true,"href":"https:\/\/pivovarzichovec.cz\/en\/wp-json\/wp\/v2\/product_brand?post=50773"},{"taxonomy":"product_cat","embeddable":true,"href":"https:\/\/pivovarzichovec.cz\/en\/wp-json\/wp\/v2\/product_cat?post=50773"},{"taxonomy":"product_tag","embeddable":true,"href":"https:\/\/pivovarzichovec.cz\/en\/wp-json\/wp\/v2\/product_tag?post=50773"}],"curies":[{"name":"wp","href":"https:\/\/api.w.org\/{rel}","templated":true}]}}