{"id":50792,"date":"2023-11-23T16:57:14","date_gmt":"2023-11-23T15:57:15","guid":{"rendered":"https:\/\/pivovarzichovec.cz\/?post_type=product&#038;p=50792"},"modified":"2026-04-04T04:13:28","modified_gmt":"2026-04-04T02:13:28","slug":"vanocni-hruska-12-2","status":"publish","type":"product","link":"https:\/\/pivovarzichovec.cz\/en\/product\/vanocni-hruska-12-2\/","title":{"rendered":"V\u00e1no\u010dn\u00ed Hru\u0161ka 12"},"content":{"rendered":"<p><span data-contrast=\"auto\">Just like our classic fruit sours, the Christmas one is also produced using the kettle-souring method, where the beer is first inoculated in the kettle with food-grade lactobacilli, which lower the pH of the beer with its lactic fermentation, i.e. increase the acidity. After that, we boil the beer again, killing the bacteria and further ferment it with classic brewing yeast.<\/span><\/p>\n<p>&nbsp;<\/p>\n","protected":false},"excerpt":{"rendered":"<p><span data-contrast=\"auto\">If you like sour beers, we have prepared a themed Sour Ale for Christmas with the festive taste of pears, cinnamon and ginger. We used a relatively large amount of pear puree (200 grams per liter), so you can look forward to a really rich taste.<\/span><\/p>\n","protected":false},"featured_media":50782,"comment_status":"closed","ping_status":"closed","template":"","meta":{"_acf_changed":false},"product_brand":[],"product_cat":[215,211],"product_tag":[],"class_list":{"0":"post-50792","1":"product","2":"type-product","3":"status-publish","4":"has-post-thumbnail","6":"product_cat-our-beers","7":"product_cat-novelties-limited-beers","8":"pa_chut-bitter","9":"pa_chut-hoppy","10":"pa_kategorie-novelties-limited-beers","11":"pa_kategorie-christmas-beer","12":"pa_konzumace-served-and-drink-chilled","13":"pa_obal-can","14":"pa_skladovani-protect-from-frost-and-direct-sunlight-store-up-to-8c","15":"pa_slozeni-water-barley-malt-wheat-malt-pears-ginger-cinnamon-hop-products","17":"first","18":"outofstock","19":"taxable","20":"shipping-taxable","21":"purchasable","22":"product-type-simple"},"bundle_layout":"","bundled_by":[],"bundled_items":[],"acf":[],"_links":{"self":[{"href":"https:\/\/pivovarzichovec.cz\/en\/wp-json\/wp\/v2\/product\/50792","targetHints":{"allow":["GET"]}}],"collection":[{"href":"https:\/\/pivovarzichovec.cz\/en\/wp-json\/wp\/v2\/product"}],"about":[{"href":"https:\/\/pivovarzichovec.cz\/en\/wp-json\/wp\/v2\/types\/product"}],"replies":[{"embeddable":true,"href":"https:\/\/pivovarzichovec.cz\/en\/wp-json\/wp\/v2\/comments?post=50792"}],"version-history":[{"count":0,"href":"https:\/\/pivovarzichovec.cz\/en\/wp-json\/wp\/v2\/product\/50792\/revisions"}],"wp:featuredmedia":[{"embeddable":true,"href":"https:\/\/pivovarzichovec.cz\/en\/wp-json\/wp\/v2\/media\/50782"}],"wp:attachment":[{"href":"https:\/\/pivovarzichovec.cz\/en\/wp-json\/wp\/v2\/media?parent=50792"}],"wp:term":[{"taxonomy":"product_brand","embeddable":true,"href":"https:\/\/pivovarzichovec.cz\/en\/wp-json\/wp\/v2\/product_brand?post=50792"},{"taxonomy":"product_cat","embeddable":true,"href":"https:\/\/pivovarzichovec.cz\/en\/wp-json\/wp\/v2\/product_cat?post=50792"},{"taxonomy":"product_tag","embeddable":true,"href":"https:\/\/pivovarzichovec.cz\/en\/wp-json\/wp\/v2\/product_tag?post=50792"}],"curies":[{"name":"wp","href":"https:\/\/api.w.org\/{rel}","templated":true}]}}