{"id":54809,"date":"2024-03-28T19:03:52","date_gmt":"2024-03-28T18:03:52","guid":{"rendered":"https:\/\/pivovarzichovec.cz\/?post_type=product&#038;p=54809"},"modified":"2026-04-15T02:13:37","modified_gmt":"2026-04-15T00:13:37","slug":"wilomenna-samba-cuvee-2021-kopirovat","status":"publish","type":"product","link":"https:\/\/pivovarzichovec.cz\/en\/product\/wilomenna-samba-cuvee-2021-kopirovat\/","title":{"rendered":"Wilomenna Provocateur \u010derven\u00e9 cuv\u00e9e 2019"},"content":{"rendered":"<div class=\"et_pb_module et_pb_text et_pb_text_2 et_pb_text_align_left et_pb_bg_layout_light\">\n<div class=\"et_pb_text_inner\">\n<p>We are now offering you great wines from the Wilomenna winery, which is located over the hill from our brewery. We recently visited the winemaker Kate\u0159ina and she gave us a glimpse into the unique character of her wines, which combine the imprint of the volcanic bedrock and the dry climate of the Litom\u011b\u0159ice wine region. Wilomenna&#8217;s repertoire includes beautiful dry and mineral white wines as well as surprisingly deep reds that you wouldn&#8217;t think to taste in northern Bohemia. So, with your next order, add a piece of our Loun landscape to your crate.<\/p>\n<\/div>\n<\/div>\n","protected":false},"excerpt":{"rendered":"<p>This bold wine is a combination of three sensual varieties: ruby Dornfelder, smooth and delicate Pinot Noir and Blue Portugal, which enriches the wine with sharpness and spiciness. The palate is dominated by dark, fully ripe cherries.<\/p>\n","protected":false},"featured_media":54789,"comment_status":"open","ping_status":"closed","template":"","meta":{"_acf_changed":false},"product_brand":[],"product_cat":[207,754,300],"product_tag":[],"class_list":{"0":"post-54809","1":"product","2":"type-product","3":"status-publish","4":"has-post-thumbnail","6":"product_cat-beers-guests","7":"product_cat-volcanic-wine","8":"product_cat-natural-wines-en","9":"pa_chut-dry","10":"pa_kategorie-natural-wines","11":"pa_kategorie-vulcanic-wine","12":"pa_konzumace-served-and-drink-chilled","13":"pa_obal-bottle","14":"pa_skladovani-protect-from-frost-and-direct-sunlight-store-up-to-8c","16":"first","17":"outofstock","18":"taxable","19":"shipping-taxable","20":"purchasable","21":"product-type-simple"},"bundle_layout":"","bundled_by":[],"bundled_items":[],"acf":[],"_links":{"self":[{"href":"https:\/\/pivovarzichovec.cz\/en\/wp-json\/wp\/v2\/product\/54809","targetHints":{"allow":["GET"]}}],"collection":[{"href":"https:\/\/pivovarzichovec.cz\/en\/wp-json\/wp\/v2\/product"}],"about":[{"href":"https:\/\/pivovarzichovec.cz\/en\/wp-json\/wp\/v2\/types\/product"}],"replies":[{"embeddable":true,"href":"https:\/\/pivovarzichovec.cz\/en\/wp-json\/wp\/v2\/comments?post=54809"}],"version-history":[{"count":0,"href":"https:\/\/pivovarzichovec.cz\/en\/wp-json\/wp\/v2\/product\/54809\/revisions"}],"wp:featuredmedia":[{"embeddable":true,"href":"https:\/\/pivovarzichovec.cz\/en\/wp-json\/wp\/v2\/media\/54789"}],"wp:attachment":[{"href":"https:\/\/pivovarzichovec.cz\/en\/wp-json\/wp\/v2\/media?parent=54809"}],"wp:term":[{"taxonomy":"product_brand","embeddable":true,"href":"https:\/\/pivovarzichovec.cz\/en\/wp-json\/wp\/v2\/product_brand?post=54809"},{"taxonomy":"product_cat","embeddable":true,"href":"https:\/\/pivovarzichovec.cz\/en\/wp-json\/wp\/v2\/product_cat?post=54809"},{"taxonomy":"product_tag","embeddable":true,"href":"https:\/\/pivovarzichovec.cz\/en\/wp-json\/wp\/v2\/product_tag?post=54809"}],"curies":[{"name":"wp","href":"https:\/\/api.w.org\/{rel}","templated":true}]}}