{"id":59562,"date":"2024-06-11T13:10:02","date_gmt":"2024-06-11T11:10:03","guid":{"rendered":"https:\/\/pivovarzichovec.cz\/?post_type=product&#038;p=59562"},"modified":"2026-04-14T08:29:33","modified_gmt":"2026-04-14T06:29:33","slug":"sour-yuzu-coconut-12-kopirovat","status":"publish","type":"product","link":"https:\/\/pivovarzichovec.cz\/en\/product\/sour-yuzu-coconut-12-kopirovat\/","title":{"rendered":"Sour Yuzu Coconut 12"},"content":{"rendered":"<p>Our range of fruit sour twelves are made using the kettle sour method. This means that we first inoculate the wort with a pure culture of lactobacilli, which produces lactic acid through its activity and thus lowers the pH, similar to the production of kefir. When the required acidity level is reached, the lactobacilli are then eliminated by further boil. The beer is then fermented again, this time with standard brewer&#8217;s yeast. A large dose of fruit is then added to the later fermentation stage &#8211; this time the exotic citrus Yuzu from Japan.<\/p>\n<p>Yuzu is a unique, extremely aromatic citrus that has excellent frost resistance. This is why it has historically been popular in the more northern parts of East Asia, such as Japan and Korea. Its taste is very sharp and juicy and the distinctive essential oils in the fruit are also suitable for making perfumes, soaps and many other things.<\/p>\n","protected":false},"excerpt":{"rendered":"<div class=\"ReactFieldEditor\" data-automationtype=\"clientFormField\">\n<div class=\"ReactFieldEditor-core--display ReactFieldEditor-TextMultiLine\" tabindex=\"0\" role=\"textbox\" aria-readonly=\"true\" aria-label=\"CW ENG kr\u00e1tk\u00fd, We have never done a combination like this before. We've combined a generous amount of exotic Japanese citrus yuzu and freshly roasted coconut to bring you a truly tropical-tasting sour that's sure to stick in your mind. Yuzu is an extremely strong tasting citrus that is often used in Asian cuisine or perfume making. , hodnotu m\u016f\u017eete upravit stisknut\u00edm kl\u00e1vesy Enter.\">\n<div>\n<div class=\"od-FieldRenderer-text textOverlay_821ecd3c\">We have never done a combination like this before. We&#8217;ve combined a generous amount of exotic Japanese citrus yuzu and freshly roasted coconut to bring you a truly tropical-tasting sour that&#8217;s sure to stick in your mind. Yuzu is an extremely strong tasting citrus that is often used in Asian cuisine or perfume making.<\/div>\n<\/div>\n<\/div>\n<\/div>\n","protected":false},"featured_media":59549,"comment_status":"open","ping_status":"closed","template":"","meta":{"_acf_changed":false},"product_brand":[],"product_cat":[215,211],"product_tag":[],"class_list":{"0":"post-59562","1":"product","2":"type-product","3":"status-publish","4":"has-post-thumbnail","6":"product_cat-our-beers","7":"product_cat-novelties-limited-beers","8":"pa_kategorie-novelties-limited-beers","9":"pa_konzumace-served-and-drink-chilled","10":"pa_obal-bottle","11":"pa_skladovani-protect-from-frost-and-direct-sunlight-store-up-to-8c","13":"first","14":"outofstock","15":"taxable","16":"shipping-taxable","17":"purchasable","18":"product-type-simple"},"bundle_layout":"","bundled_by":[],"bundled_items":[],"acf":[],"_links":{"self":[{"href":"https:\/\/pivovarzichovec.cz\/en\/wp-json\/wp\/v2\/product\/59562","targetHints":{"allow":["GET"]}}],"collection":[{"href":"https:\/\/pivovarzichovec.cz\/en\/wp-json\/wp\/v2\/product"}],"about":[{"href":"https:\/\/pivovarzichovec.cz\/en\/wp-json\/wp\/v2\/types\/product"}],"replies":[{"embeddable":true,"href":"https:\/\/pivovarzichovec.cz\/en\/wp-json\/wp\/v2\/comments?post=59562"}],"version-history":[{"count":0,"href":"https:\/\/pivovarzichovec.cz\/en\/wp-json\/wp\/v2\/product\/59562\/revisions"}],"wp:featuredmedia":[{"embeddable":true,"href":"https:\/\/pivovarzichovec.cz\/en\/wp-json\/wp\/v2\/media\/59549"}],"wp:attachment":[{"href":"https:\/\/pivovarzichovec.cz\/en\/wp-json\/wp\/v2\/media?parent=59562"}],"wp:term":[{"taxonomy":"product_brand","embeddable":true,"href":"https:\/\/pivovarzichovec.cz\/en\/wp-json\/wp\/v2\/product_brand?post=59562"},{"taxonomy":"product_cat","embeddable":true,"href":"https:\/\/pivovarzichovec.cz\/en\/wp-json\/wp\/v2\/product_cat?post=59562"},{"taxonomy":"product_tag","embeddable":true,"href":"https:\/\/pivovarzichovec.cz\/en\/wp-json\/wp\/v2\/product_tag?post=59562"}],"curies":[{"name":"wp","href":"https:\/\/api.w.org\/{rel}","templated":true}]}}