{"id":62098,"date":"2024-09-23T11:36:26","date_gmt":"2024-09-23T09:36:27","guid":{"rendered":"https:\/\/pivovarzichovec.cz\/?post_type=product&#038;p=62098"},"modified":"2026-04-30T11:59:38","modified_gmt":"2026-04-30T09:59:38","slug":"11-years-of-tradition-12-kopirovat-kopirovat-kopirovat","status":"publish","type":"product","link":"https:\/\/pivovarzichovec.cz\/en\/product\/11-years-of-tradition-12-kopirovat-kopirovat-kopirovat\/","title":{"rendered":"Tekut\u00fd rohl\u00edk 11"},"content":{"rendered":"<p>We were very pleased when the rohl\u00edk people wrote to us and said they would be interested in brewing a beer with us. Even more so when they started asking about localness and sustainability. We&#8217;re happy we now have a beer that we can throw unsold baked goods from their store into, plus we can use hops from the modern breeding efforts of our neighbours in \u017datec.<\/p>\n","protected":false},"excerpt":{"rendered":"<p>Special beer brewed in cooperation with rohlik.cz, which combines the unique taste of Czech newly bred hops Saturn, Juno and Ceres. These give the beer a pleasant taste of strawberries and tangerines. An interesting feature is the use of unsold rolls instead of part of the malt.<\/p>\n","protected":false},"featured_media":62100,"comment_status":"closed","ping_status":"closed","template":"","meta":{"_acf_changed":false},"product_brand":[],"product_cat":[215,212,211],"product_tag":[],"class_list":{"0":"post-62098","1":"product","2":"type-product","3":"status-publish","4":"has-post-thumbnail","6":"product_cat-our-beers","7":"product_cat-cooperation","8":"product_cat-novelties-limited-beers","9":"pa_chut-bitter","10":"pa_chut-malty","11":"pa_kategorie-cooperation","12":"pa_kategorie-novelties-limited-beers","13":"pa_konzumace-served-and-drink-chilled","14":"pa_obal-can","15":"pa_skladovani-protect-from-frost-and-direct-sunlight-store-up-to-8c","16":"pa_slozeni-water-barley-malts-wheat-malts-rolls-milk-eggs-hop-products","18":"first","19":"outofstock","20":"taxable","21":"shipping-taxable","22":"purchasable","23":"product-type-simple"},"bundle_layout":"","bundled_by":[],"bundled_items":[],"acf":[],"_links":{"self":[{"href":"https:\/\/pivovarzichovec.cz\/en\/wp-json\/wp\/v2\/product\/62098","targetHints":{"allow":["GET"]}}],"collection":[{"href":"https:\/\/pivovarzichovec.cz\/en\/wp-json\/wp\/v2\/product"}],"about":[{"href":"https:\/\/pivovarzichovec.cz\/en\/wp-json\/wp\/v2\/types\/product"}],"replies":[{"embeddable":true,"href":"https:\/\/pivovarzichovec.cz\/en\/wp-json\/wp\/v2\/comments?post=62098"}],"version-history":[{"count":0,"href":"https:\/\/pivovarzichovec.cz\/en\/wp-json\/wp\/v2\/product\/62098\/revisions"}],"wp:featuredmedia":[{"embeddable":true,"href":"https:\/\/pivovarzichovec.cz\/en\/wp-json\/wp\/v2\/media\/62100"}],"wp:attachment":[{"href":"https:\/\/pivovarzichovec.cz\/en\/wp-json\/wp\/v2\/media?parent=62098"}],"wp:term":[{"taxonomy":"product_brand","embeddable":true,"href":"https:\/\/pivovarzichovec.cz\/en\/wp-json\/wp\/v2\/product_brand?post=62098"},{"taxonomy":"product_cat","embeddable":true,"href":"https:\/\/pivovarzichovec.cz\/en\/wp-json\/wp\/v2\/product_cat?post=62098"},{"taxonomy":"product_tag","embeddable":true,"href":"https:\/\/pivovarzichovec.cz\/en\/wp-json\/wp\/v2\/product_tag?post=62098"}],"curies":[{"name":"wp","href":"https:\/\/api.w.org\/{rel}","templated":true}]}}