{"id":62839,"date":"2025-03-28T11:45:34","date_gmt":"2024-10-29T15:09:37","guid":{"rendered":"https:\/\/pivovarzichovec.cz\/?post_type=product&#038;p=62839"},"modified":"2026-04-14T17:59:24","modified_gmt":"2026-04-14T15:59:24","slug":"gwbc-bestofshow-byradimkuba-16","status":"publish","type":"product","link":"https:\/\/pivovarzichovec.cz\/en\/product\/gwbc-bestofshow-byradimkuba-16\/","title":{"rendered":"GWBC Best of Show by Radim Kuba 16"},"content":{"rendered":"<p>We really enjoy our collaboration with the Good Water Beer Cup homebrew competition and this is the second time we have brewed their winning beer. The journey to interpret a homebrew recipe into an industrial brew is always more complicated than it may seem. But in this case, everything went very smoothly and we were able to interpret the unique super flavorful character of Radim&#8217;s NEIPA very well. The combination of Sabro hops. Idaho 7 and Mosaic together create an extremely fruity profile that smells of pineapple, apricot, tangerine and other fruits. In doing so, however, it retains a very wild piney character and a more pronounced bitterness than you&#8217;re used to in such fruity New England IPAs.<\/p>\n","protected":false},"excerpt":{"rendered":"<p>A wonderful fragrant New England IPA smelling of citrus, pine needles, coconut and pineapple was brewed according to the recipe of Radim Kuba, who won the Good Water Beer Cup competition in Dobr\u00e1 Voda near K\u0159i\u017eanov. As part of his win, Radim brewed his beer using our technology.<\/p>\n","protected":false},"featured_media":62841,"comment_status":"closed","ping_status":"closed","template":"","meta":{"_acf_changed":false},"product_brand":[],"product_cat":[215,211],"product_tag":[],"class_list":{"0":"post-62839","1":"product","2":"type-product","3":"status-publish","4":"has-post-thumbnail","6":"product_cat-our-beers","7":"product_cat-novelties-limited-beers","8":"pa_chut-hoppy","9":"pa_kategorie-cooperation","10":"pa_kategorie-novelties-limited-beers","11":"pa_konzumace-served-and-drink-chilled","12":"pa_obal-can","13":"pa_skladovani-protect-from-frost-and-direct-sunlight-store-up-to-8c","15":"first","16":"outofstock","17":"taxable","18":"shipping-taxable","19":"purchasable","20":"product-type-simple"},"bundle_layout":"","bundled_by":[],"bundled_items":[],"acf":[],"_links":{"self":[{"href":"https:\/\/pivovarzichovec.cz\/en\/wp-json\/wp\/v2\/product\/62839","targetHints":{"allow":["GET"]}}],"collection":[{"href":"https:\/\/pivovarzichovec.cz\/en\/wp-json\/wp\/v2\/product"}],"about":[{"href":"https:\/\/pivovarzichovec.cz\/en\/wp-json\/wp\/v2\/types\/product"}],"replies":[{"embeddable":true,"href":"https:\/\/pivovarzichovec.cz\/en\/wp-json\/wp\/v2\/comments?post=62839"}],"version-history":[{"count":0,"href":"https:\/\/pivovarzichovec.cz\/en\/wp-json\/wp\/v2\/product\/62839\/revisions"}],"wp:featuredmedia":[{"embeddable":true,"href":"https:\/\/pivovarzichovec.cz\/en\/wp-json\/wp\/v2\/media\/62841"}],"wp:attachment":[{"href":"https:\/\/pivovarzichovec.cz\/en\/wp-json\/wp\/v2\/media?parent=62839"}],"wp:term":[{"taxonomy":"product_brand","embeddable":true,"href":"https:\/\/pivovarzichovec.cz\/en\/wp-json\/wp\/v2\/product_brand?post=62839"},{"taxonomy":"product_cat","embeddable":true,"href":"https:\/\/pivovarzichovec.cz\/en\/wp-json\/wp\/v2\/product_cat?post=62839"},{"taxonomy":"product_tag","embeddable":true,"href":"https:\/\/pivovarzichovec.cz\/en\/wp-json\/wp\/v2\/product_tag?post=62839"}],"curies":[{"name":"wp","href":"https:\/\/api.w.org\/{rel}","templated":true}]}}