{"id":66091,"date":"2025-03-06T10:56:57","date_gmt":"2025-03-06T09:56:58","guid":{"rendered":"https:\/\/pivovarzichovec.cz\/?post_type=product&#038;p=66091"},"modified":"2026-04-06T21:43:33","modified_gmt":"2026-04-06T19:43:33","slug":"winter-affair-gossip-whiplash","status":"publish","type":"product","link":"https:\/\/pivovarzichovec.cz\/en\/product\/winter-affair-gossip-whiplash\/","title":{"rendered":"Winter Affair Gossip Whiplash 20"},"content":{"rendered":"<p>V r\u00e1mci na\u0161eho zimn\u00edho festivalu Winter Affair jsme p\u0159iv\u00edtali p\u0159\u00e1tele z irsk\u00e9ho pivovaru Whiplash, mistry (nejen) v tvorb\u011b fam\u00f3zn\u00edch a charaktern\u00edch IPA. V\u00fdsledkem t\u00e9to spolupr\u00e1ce je Double NEIPA, kter\u00e1 zt\u011bles\u0148uje v\u0161e, co milujeme na tomto stylu: intenzivn\u00ed aroma, plnou chu\u0165 a sametov\u011b jemn\u00e9 sladov\u00e9 t\u011blo.<\/p>\n<p>Na\u0161e spole\u010dn\u00e1 v\u00e1rka stoj\u00ed na pevn\u00e9m z\u00e1kladu \u010desk\u00fdch a britsk\u00fdch slad\u016f a cere\u00e1ln\u00edch vlo\u010dek. Chmely Nelson Sauvin, Citra Cryo a Idaho 7 dohromady vytv\u00e1\u0159ej\u00ed explozi tropick\u00fdch chut\u00ed ananasu, li\u010di, b\u00edl\u00e9ho hroznov\u00e9ho v\u00edna a grapefruitu. Speci\u00e1ln\u00ed p\u0159\u00eddavek Phantasm, p\u0159\u00edrodn\u00edho extraktu z novoz\u00e9landsk\u00fdch hrozn\u016f Sauvignon Blanc, umoc\u0148uje ovocnou aromatiku d\u00edky intenzivn\u00ed biotransformaci tropick\u00fdch thiol\u016f b\u011bhem kva\u0161en\u00ed. Pou\u017eit\u00e9 kvasinky London Fog dod\u00e1vaj\u00ed pivu jemnou sladkost a sametov\u00fd dojem, d\u00edky \u010demu\u017e je ka\u017ed\u00fd dou\u0161ek neuv\u011b\u0159iteln\u011b bohat\u00fd a harmonick\u00fd.<\/p>\n<p>V\u00fdsledkem na\u0161\u00ed spolupr\u00e1ce je z\u00e1\u017eitek, kter\u00fd v\u00e1s provede fascinuj\u00edc\u00edm sv\u011btem modern\u00edch Double NEIPA. Poj\u010fme jej ochutnat!<\/p>\n","protected":false},"excerpt":{"rendered":"<p>Our winter collaboration with Irish brewery Whiplash delivers a Double NEIPA that combines juicy tropical notes of pineapple, white grape and grapefruit with a light resinousness. London Fog yeast and Phantasm, an extract from Sauvignon Blanc grapes, take the taste experience to a new level.<\/p>\n<p>&nbsp;<\/p>\n","protected":false},"featured_media":66083,"comment_status":"closed","ping_status":"closed","template":"","meta":{"_acf_changed":false},"product_brand":[],"product_cat":[215,212,211],"product_tag":[],"class_list":{"0":"post-66091","1":"product","2":"type-product","3":"status-publish","4":"has-post-thumbnail","6":"product_cat-our-beers","7":"product_cat-cooperation","8":"product_cat-novelties-limited-beers","9":"pa_kategorie-cooperation","10":"pa_kategorie-novelties-limited-beers","11":"pa_konzumace-served-and-drink-chilled","12":"pa_obal-can","13":"pa_skladovani-protect-from-frost-and-direct-sunlight-store-up-to-8c","15":"first","16":"outofstock","17":"sale","18":"taxable","19":"shipping-taxable","20":"purchasable","21":"product-type-simple"},"bundle_layout":"","bundled_by":["54712","71230"],"bundled_items":[],"acf":[],"_links":{"self":[{"href":"https:\/\/pivovarzichovec.cz\/en\/wp-json\/wp\/v2\/product\/66091","targetHints":{"allow":["GET"]}}],"collection":[{"href":"https:\/\/pivovarzichovec.cz\/en\/wp-json\/wp\/v2\/product"}],"about":[{"href":"https:\/\/pivovarzichovec.cz\/en\/wp-json\/wp\/v2\/types\/product"}],"replies":[{"embeddable":true,"href":"https:\/\/pivovarzichovec.cz\/en\/wp-json\/wp\/v2\/comments?post=66091"}],"version-history":[{"count":2,"href":"https:\/\/pivovarzichovec.cz\/en\/wp-json\/wp\/v2\/product\/66091\/revisions"}],"predecessor-version":[{"id":66105,"href":"https:\/\/pivovarzichovec.cz\/en\/wp-json\/wp\/v2\/product\/66091\/revisions\/66105"}],"wp:featuredmedia":[{"embeddable":true,"href":"https:\/\/pivovarzichovec.cz\/en\/wp-json\/wp\/v2\/media\/66083"}],"wp:attachment":[{"href":"https:\/\/pivovarzichovec.cz\/en\/wp-json\/wp\/v2\/media?parent=66091"}],"wp:term":[{"taxonomy":"product_brand","embeddable":true,"href":"https:\/\/pivovarzichovec.cz\/en\/wp-json\/wp\/v2\/product_brand?post=66091"},{"taxonomy":"product_cat","embeddable":true,"href":"https:\/\/pivovarzichovec.cz\/en\/wp-json\/wp\/v2\/product_cat?post=66091"},{"taxonomy":"product_tag","embeddable":true,"href":"https:\/\/pivovarzichovec.cz\/en\/wp-json\/wp\/v2\/product_tag?post=66091"}],"curies":[{"name":"wp","href":"https:\/\/api.w.org\/{rel}","templated":true}]}}