{"id":71287,"date":"2025-07-14T15:53:03","date_gmt":"2025-07-14T13:53:05","guid":{"rendered":"https:\/\/pivovarzichovec.cz\/?post_type=product&#038;p=71287"},"modified":"2026-04-29T10:29:47","modified_gmt":"2026-04-29T08:29:47","slug":"salzgeist-11","status":"publish","type":"product","link":"https:\/\/pivovarzichovec.cz\/en\/product\/salzgeist-11\/","title":{"rendered":"Salzgeist 11"},"content":{"rendered":"<p>Salzgeist je na\u0161e interpretace tradi\u010dn\u00edho n\u011bmeck\u00e9ho pivn\u00edho stylu Gose. Jedn\u00e1 se o lehk\u00e9, svrchn\u011b kva\u0161en\u00e9 pivo s jemnou kyselost\u00ed, lehkou slanost\u00ed a decentn\u00ed ko\u0159enitost\u00ed d\u00edky p\u0159idan\u00e9mu koriandru. S\u016fl a koriandr jsou pro tento styl typick\u00e9 a spole\u010dn\u011b vytv\u00e1\u0159ej\u00ed osv\u011b\u017euj\u00edc\u00ed chu\u0165ov\u00fd profil. Pou\u017e\u00edv\u00e1me ml\u00e9\u010dn\u00e9 kva\u0161en\u00ed metodou kettle souring, kter\u00e9 pivu dod\u00e1 jemnou kyselinku, ani\u017e by bylo p\u0159\u00edli\u0161 v\u00fdrazn\u011b kysel\u00e9. D\u00edky ni\u017e\u0161\u00ed stup\u0148ovitosti a vy\u0161\u0161\u00ed perlivosti je Salzgeist v\u00fdborn\u011b piteln\u00e9 pivo, kter\u00e9 si m\u016f\u017ee\u0161 d\u00e1t kdykoliv.<\/p>\n","protected":false},"excerpt":{"rendered":"<p>A traditional take on the historical German style Gose \u2013 mildly salty, lightly sour and spiced with coriander. Salzgeist is a refreshing and crisp beer ideal for summertime drinking.<\/p>\n","protected":false},"featured_media":71296,"comment_status":"closed","ping_status":"closed","template":"","meta":{"_acf_changed":false},"product_brand":[],"product_cat":[215,211],"product_tag":[],"class_list":{"0":"post-71287","1":"product","2":"type-product","3":"status-publish","4":"has-post-thumbnail","6":"product_cat-our-beers","7":"product_cat-novelties-limited-beers","8":"pa_chut-atypic","9":"pa_kategorie-novelties-limited-beers","10":"pa_konzumace-served-and-drink-chilled","11":"pa_obal-can","12":"pa_skladovani-protect-from-frost-and-direct-sunlight-store-up-to-8c","14":"first","15":"outofstock","16":"taxable","17":"shipping-taxable","18":"purchasable","19":"product-type-simple"},"bundle_layout":"","bundled_by":[],"bundled_items":[],"acf":[],"_links":{"self":[{"href":"https:\/\/pivovarzichovec.cz\/en\/wp-json\/wp\/v2\/product\/71287","targetHints":{"allow":["GET"]}}],"collection":[{"href":"https:\/\/pivovarzichovec.cz\/en\/wp-json\/wp\/v2\/product"}],"about":[{"href":"https:\/\/pivovarzichovec.cz\/en\/wp-json\/wp\/v2\/types\/product"}],"replies":[{"embeddable":true,"href":"https:\/\/pivovarzichovec.cz\/en\/wp-json\/wp\/v2\/comments?post=71287"}],"version-history":[{"count":2,"href":"https:\/\/pivovarzichovec.cz\/en\/wp-json\/wp\/v2\/product\/71287\/revisions"}],"predecessor-version":[{"id":71567,"href":"https:\/\/pivovarzichovec.cz\/en\/wp-json\/wp\/v2\/product\/71287\/revisions\/71567"}],"wp:featuredmedia":[{"embeddable":true,"href":"https:\/\/pivovarzichovec.cz\/en\/wp-json\/wp\/v2\/media\/71296"}],"wp:attachment":[{"href":"https:\/\/pivovarzichovec.cz\/en\/wp-json\/wp\/v2\/media?parent=71287"}],"wp:term":[{"taxonomy":"product_brand","embeddable":true,"href":"https:\/\/pivovarzichovec.cz\/en\/wp-json\/wp\/v2\/product_brand?post=71287"},{"taxonomy":"product_cat","embeddable":true,"href":"https:\/\/pivovarzichovec.cz\/en\/wp-json\/wp\/v2\/product_cat?post=71287"},{"taxonomy":"product_tag","embeddable":true,"href":"https:\/\/pivovarzichovec.cz\/en\/wp-json\/wp\/v2\/product_tag?post=71287"}],"curies":[{"name":"wp","href":"https:\/\/api.w.org\/{rel}","templated":true}]}}