{"id":71617,"date":"2025-08-01T11:45:14","date_gmt":"2025-07-31T21:57:15","guid":{"rendered":"https:\/\/pivovarzichovec.cz\/?post_type=product&#038;p=71617"},"modified":"2026-04-17T01:29:15","modified_gmt":"2026-04-16T23:29:15","slug":"sest-11","status":"publish","type":"product","link":"https:\/\/pivovarzichovec.cz\/en\/product\/sest-11\/","title":{"rendered":"\u0160est 11"},"content":{"rendered":"<p>Poctivej V\u00fd\u010dep a beloved craft beer bar in Prague\u2019s Kobylisy district celebrates its 10th anniversary and decided to celebrate in style &#8211; with ten collaborations with popular breweries. We had the honour of brewing the sixth in the series, so we went for a style that combines a hoppy ride with maximum drinkability &#8211; Session Cold IPA. We built this beer on a trio of New Zealand hops: Riwaka, known for its passionfruit and grapefruit notes; Motueka, bringing lime, citrus and fresh herbal tones; and Superdelic, which layers in red and tropical fruit, along with a sweet hint of candy. The result is a light-bodied, dry, and extremely crushable IPA with a vibrant hop profile .Simply a worthy toast to the ten year anniversary.<\/p>\n","protected":false},"excerpt":{"rendered":"<p>Deset let, deset piv, deset radost\u00ed. Session Cold New Zealand IPA \u0160est vznikla jako sou\u010d\u00e1st v\u00fdro\u010dn\u00ed s\u00e9rie piv pra\u017esk\u00e9 hospody Poctivej V\u00fd\u010dep a kombinuje lehk\u00e9 t\u011blo, brut\u00e1ln\u00ed pitelnost a po\u0159\u00e1dnou porci novoz\u00e9landsk\u00fdch chmel\u016f, kter\u00e9 p\u0159in\u00e1\u0161ej\u00ed sv\u011b\u017e\u00ed t\u00f3ny limetky, \u010derven\u00e9ho a tropick\u00e9ho ovoce s bylinn\u00fdm n\u00e1dechem.<\/p>\n","protected":false},"featured_media":71619,"comment_status":"closed","ping_status":"closed","template":"","meta":{"_acf_changed":false},"product_brand":[],"product_cat":[215,211],"product_tag":[],"class_list":{"0":"post-71617","1":"product","2":"type-product","3":"status-publish","4":"has-post-thumbnail","6":"product_cat-our-beers","7":"product_cat-novelties-limited-beers","8":"pa_kategorie-cooperation","9":"pa_kategorie-novelties-limited-beers","10":"pa_konzumace-served-and-drink-chilled","11":"pa_obal-can","12":"pa_skladovani-protect-from-frost-and-direct-sunlight-store-up-to-8c","13":"pa_slozeni-water-barley-malts-oatmeal-hop-products","15":"first","16":"outofstock","17":"taxable","18":"shipping-taxable","19":"purchasable","20":"product-type-simple"},"bundle_layout":"","bundled_by":[],"bundled_items":[],"acf":[],"_links":{"self":[{"href":"https:\/\/pivovarzichovec.cz\/en\/wp-json\/wp\/v2\/product\/71617","targetHints":{"allow":["GET"]}}],"collection":[{"href":"https:\/\/pivovarzichovec.cz\/en\/wp-json\/wp\/v2\/product"}],"about":[{"href":"https:\/\/pivovarzichovec.cz\/en\/wp-json\/wp\/v2\/types\/product"}],"replies":[{"embeddable":true,"href":"https:\/\/pivovarzichovec.cz\/en\/wp-json\/wp\/v2\/comments?post=71617"}],"version-history":[{"count":1,"href":"https:\/\/pivovarzichovec.cz\/en\/wp-json\/wp\/v2\/product\/71617\/revisions"}],"predecessor-version":[{"id":71621,"href":"https:\/\/pivovarzichovec.cz\/en\/wp-json\/wp\/v2\/product\/71617\/revisions\/71621"}],"wp:featuredmedia":[{"embeddable":true,"href":"https:\/\/pivovarzichovec.cz\/en\/wp-json\/wp\/v2\/media\/71619"}],"wp:attachment":[{"href":"https:\/\/pivovarzichovec.cz\/en\/wp-json\/wp\/v2\/media?parent=71617"}],"wp:term":[{"taxonomy":"product_brand","embeddable":true,"href":"https:\/\/pivovarzichovec.cz\/en\/wp-json\/wp\/v2\/product_brand?post=71617"},{"taxonomy":"product_cat","embeddable":true,"href":"https:\/\/pivovarzichovec.cz\/en\/wp-json\/wp\/v2\/product_cat?post=71617"},{"taxonomy":"product_tag","embeddable":true,"href":"https:\/\/pivovarzichovec.cz\/en\/wp-json\/wp\/v2\/product_tag?post=71617"}],"curies":[{"name":"wp","href":"https:\/\/api.w.org\/{rel}","templated":true}]}}