{"id":71773,"date":"2025-08-13T09:50:53","date_gmt":"2025-08-13T07:50:54","guid":{"rendered":"https:\/\/pivovarzichovec.cz\/?post_type=product&#038;p=71773"},"modified":"2026-04-04T07:29:17","modified_gmt":"2026-04-04T05:29:17","slug":"psenice-12-copy","status":"publish","type":"product","link":"https:\/\/pivovarzichovec.cz\/en\/product\/psenice-12-copy\/","title":{"rendered":"Letn\u00ed V\u00e1ben\u00ed 11"},"content":{"rendered":"<p>We brewed Summer Lure as a tribute to all those long days and warm evenings when all you need to do is sit in the shade and let time pass. We reached for a combination of modern hops that bring juicy notes of citrus, mango, and pineapple to the beer. Thanks to its lighter body and dry finish, the pleasant bitterness blends beautifully with the fruitiness and encourages you to take another sip.<\/p>\n","protected":false},"excerpt":{"rendered":"<p>A light and refreshing summer ale combining subtle citrus notes with hints of tropical fruit. Its dry finish and pleasant bitterness make it the ideal beer for hot days. Brewed especially for the Lounsk\u00e9 letn\u00ed v\u00e1ben\u00ed city festival.<\/p>\n","protected":false},"featured_media":71775,"comment_status":"open","ping_status":"closed","template":"","meta":{"_acf_changed":false},"product_brand":[],"product_cat":[215,212,211],"product_tag":[],"class_list":{"0":"post-71773","1":"product","2":"type-product","3":"status-publish","4":"has-post-thumbnail","6":"product_cat-our-beers","7":"product_cat-cooperation","8":"product_cat-novelties-limited-beers","10":"first","11":"outofstock","12":"taxable","13":"shipping-taxable","14":"purchasable","15":"product-type-simple"},"bundle_layout":"","bundled_by":[],"bundled_items":[],"acf":[],"_links":{"self":[{"href":"https:\/\/pivovarzichovec.cz\/en\/wp-json\/wp\/v2\/product\/71773","targetHints":{"allow":["GET"]}}],"collection":[{"href":"https:\/\/pivovarzichovec.cz\/en\/wp-json\/wp\/v2\/product"}],"about":[{"href":"https:\/\/pivovarzichovec.cz\/en\/wp-json\/wp\/v2\/types\/product"}],"replies":[{"embeddable":true,"href":"https:\/\/pivovarzichovec.cz\/en\/wp-json\/wp\/v2\/comments?post=71773"}],"version-history":[{"count":2,"href":"https:\/\/pivovarzichovec.cz\/en\/wp-json\/wp\/v2\/product\/71773\/revisions"}],"predecessor-version":[{"id":71779,"href":"https:\/\/pivovarzichovec.cz\/en\/wp-json\/wp\/v2\/product\/71773\/revisions\/71779"}],"wp:featuredmedia":[{"embeddable":true,"href":"https:\/\/pivovarzichovec.cz\/en\/wp-json\/wp\/v2\/media\/71775"}],"wp:attachment":[{"href":"https:\/\/pivovarzichovec.cz\/en\/wp-json\/wp\/v2\/media?parent=71773"}],"wp:term":[{"taxonomy":"product_brand","embeddable":true,"href":"https:\/\/pivovarzichovec.cz\/en\/wp-json\/wp\/v2\/product_brand?post=71773"},{"taxonomy":"product_cat","embeddable":true,"href":"https:\/\/pivovarzichovec.cz\/en\/wp-json\/wp\/v2\/product_cat?post=71773"},{"taxonomy":"product_tag","embeddable":true,"href":"https:\/\/pivovarzichovec.cz\/en\/wp-json\/wp\/v2\/product_tag?post=71773"}],"curies":[{"name":"wp","href":"https:\/\/api.w.org\/{rel}","templated":true}]}}