{"id":72958,"date":"2025-09-26T10:37:28","date_gmt":"2025-09-26T08:37:28","guid":{"rendered":"https:\/\/pivovarzichovec.cz\/?post_type=product&#038;p=72958"},"modified":"2026-04-17T01:29:39","modified_gmt":"2026-04-16T23:29:39","slug":"coconut-stout-2025-copy-2","status":"publish","type":"product","link":"https:\/\/pivovarzichovec.cz\/en\/product\/coconut-stout-2025-copy-2\/","title":{"rendered":"Coffee Maple Syrup Stout 2025"},"content":{"rendered":"<p><span class=\"TextRun SCXO81092413 BCX0\" lang=\"CS-CZ\" xml:lang=\"CS-CZ\" data-contrast=\"auto\"><span class=\"NormalTextRun SCXO81092413 BCX0\">Introducing the 2025 range of barrel aged stouts, which for us is the culmination of our pursuit of the most spectacular beers we are capable of producing. Our barrel room already has around 140 active barrels from various famous distilleries and in them our strongest stouts mature for more than two years. This year, we will gradually introduce you to a total of 9 blends, created from 35 barrels aged for two years.<\/span><\/span><span class=\"EOP SCXO81092413 BCX0\">\u00a0<\/span><\/p>\n","protected":false},"excerpt":{"rendered":"<p>Strong espresso coffee from Prague\u2019s finest Doubleshot roastery and Canadian maple syrup add layers to this blend of two and three-year bourbon-barrel-aged stouts creating a harmonious experience for both coffee and stout lovers.<\/p>\n<p><span class=\"TextRun SCXO68220110 BCX0\" lang=\"CS-CZ\" xml:lang=\"CS-CZ\" data-contrast=\"auto\"><span class=\"NormalTextRun SCXO68220110 BCX0\">The label art is by Marie Luk\u00e1\u0161ov\u00e1.<\/span><\/span><span class=\"EOP SCXO68220110 BCX0\">\u00a0<\/span><\/p>\n","protected":false},"featured_media":72906,"comment_status":"open","ping_status":"closed","template":"","meta":{"_acf_changed":false},"product_brand":[],"product_cat":[215,214,211],"product_tag":[],"class_list":{"0":"post-72958","1":"product","2":"type-product","3":"status-publish","4":"has-post-thumbnail","6":"product_cat-our-beers","7":"product_cat-barrel-beers","8":"product_cat-novelties-limited-beers","9":"pa_kategorie-barrel-beers","10":"pa_kategorie-novelties-limited-beers","11":"pa_konzumace-served-and-drink-chilled","12":"pa_obal-bottle","13":"pa_skladovani-protect-from-frost-and-direct-sunlight-store-up-to-8c","14":"pa_slozeni-water-barley-malts-oat-flakes-wheat-malts-coffee-maple-syrup-hop-products","16":"first","17":"instock","18":"taxable","19":"shipping-taxable","20":"purchasable","21":"product-type-simple"},"bundle_layout":"","bundled_by":[],"bundled_items":[],"acf":[],"_links":{"self":[{"href":"https:\/\/pivovarzichovec.cz\/en\/wp-json\/wp\/v2\/product\/72958","targetHints":{"allow":["GET"]}}],"collection":[{"href":"https:\/\/pivovarzichovec.cz\/en\/wp-json\/wp\/v2\/product"}],"about":[{"href":"https:\/\/pivovarzichovec.cz\/en\/wp-json\/wp\/v2\/types\/product"}],"replies":[{"embeddable":true,"href":"https:\/\/pivovarzichovec.cz\/en\/wp-json\/wp\/v2\/comments?post=72958"}],"version-history":[{"count":2,"href":"https:\/\/pivovarzichovec.cz\/en\/wp-json\/wp\/v2\/product\/72958\/revisions"}],"predecessor-version":[{"id":72992,"href":"https:\/\/pivovarzichovec.cz\/en\/wp-json\/wp\/v2\/product\/72958\/revisions\/72992"}],"wp:featuredmedia":[{"embeddable":true,"href":"https:\/\/pivovarzichovec.cz\/en\/wp-json\/wp\/v2\/media\/72906"}],"wp:attachment":[{"href":"https:\/\/pivovarzichovec.cz\/en\/wp-json\/wp\/v2\/media?parent=72958"}],"wp:term":[{"taxonomy":"product_brand","embeddable":true,"href":"https:\/\/pivovarzichovec.cz\/en\/wp-json\/wp\/v2\/product_brand?post=72958"},{"taxonomy":"product_cat","embeddable":true,"href":"https:\/\/pivovarzichovec.cz\/en\/wp-json\/wp\/v2\/product_cat?post=72958"},{"taxonomy":"product_tag","embeddable":true,"href":"https:\/\/pivovarzichovec.cz\/en\/wp-json\/wp\/v2\/product_tag?post=72958"}],"curies":[{"name":"wp","href":"https:\/\/api.w.org\/{rel}","templated":true}]}}