{"id":73180,"date":"2025-10-03T15:39:01","date_gmt":"2025-10-03T13:39:02","guid":{"rendered":"https:\/\/pivovarzichovec.cz\/?post_type=product&#038;p=73180"},"modified":"2026-05-03T13:59:19","modified_gmt":"2026-05-03T11:59:19","slug":"like-a-svickova","status":"publish","type":"product","link":"https:\/\/pivovarzichovec.cz\/en\/product\/like-a-svickova\/","title":{"rendered":"Like A Sv\u00ed\u010dkov\u00e1 14"},"content":{"rendered":"<p>We brewed a collaborative batch with Twinberg Brewery from Olomouc, inspired by our favorite dish. Like a Sv\u00ed\u010dkov\u00e1 is a gose with the taste of roasted vegetables, spiced with bay leaf, allspice, pepper, and softened with lactose.<\/p>\n","protected":false},"excerpt":{"rendered":"<p>We brewed a collaborative batch with Twinberg Brewery from Olomouc, inspired by our favorite dish. Like a Sv\u00ed\u010dkov\u00e1 is a gose with the taste of roasted vegetables, spiced with bay leaf, allspice, pepper, and softened with lactose.<\/p>\n","protected":false},"featured_media":73182,"comment_status":"closed","ping_status":"closed","template":"","meta":{"_acf_changed":false},"product_brand":[],"product_cat":[215,212,211],"product_tag":[],"class_list":{"0":"post-73180","1":"product","2":"type-product","3":"status-publish","4":"has-post-thumbnail","6":"product_cat-our-beers","7":"product_cat-cooperation","8":"product_cat-novelties-limited-beers","9":"pa_kategorie-cooperation","10":"pa_kategorie-novelties-limited-beers","11":"pa_konzumace-served-and-drink-chilled","12":"pa_obal-can","13":"pa_skladovani-protect-from-frost-and-direct-sunlight-store-up-to-8c","15":"first","16":"outofstock","17":"taxable","18":"shipping-taxable","19":"purchasable","20":"product-type-simple"},"bundle_layout":"","bundled_by":[],"bundled_items":[],"acf":[],"_links":{"self":[{"href":"https:\/\/pivovarzichovec.cz\/en\/wp-json\/wp\/v2\/product\/73180","targetHints":{"allow":["GET"]}}],"collection":[{"href":"https:\/\/pivovarzichovec.cz\/en\/wp-json\/wp\/v2\/product"}],"about":[{"href":"https:\/\/pivovarzichovec.cz\/en\/wp-json\/wp\/v2\/types\/product"}],"replies":[{"embeddable":true,"href":"https:\/\/pivovarzichovec.cz\/en\/wp-json\/wp\/v2\/comments?post=73180"}],"version-history":[{"count":2,"href":"https:\/\/pivovarzichovec.cz\/en\/wp-json\/wp\/v2\/product\/73180\/revisions"}],"predecessor-version":[{"id":73189,"href":"https:\/\/pivovarzichovec.cz\/en\/wp-json\/wp\/v2\/product\/73180\/revisions\/73189"}],"wp:featuredmedia":[{"embeddable":true,"href":"https:\/\/pivovarzichovec.cz\/en\/wp-json\/wp\/v2\/media\/73182"}],"wp:attachment":[{"href":"https:\/\/pivovarzichovec.cz\/en\/wp-json\/wp\/v2\/media?parent=73180"}],"wp:term":[{"taxonomy":"product_brand","embeddable":true,"href":"https:\/\/pivovarzichovec.cz\/en\/wp-json\/wp\/v2\/product_brand?post=73180"},{"taxonomy":"product_cat","embeddable":true,"href":"https:\/\/pivovarzichovec.cz\/en\/wp-json\/wp\/v2\/product_cat?post=73180"},{"taxonomy":"product_tag","embeddable":true,"href":"https:\/\/pivovarzichovec.cz\/en\/wp-json\/wp\/v2\/product_tag?post=73180"}],"curies":[{"name":"wp","href":"https:\/\/api.w.org\/{rel}","templated":true}]}}