{"id":76806,"date":"2026-02-13T12:01:41","date_gmt":"2026-02-13T11:01:43","guid":{"rendered":"https:\/\/pivovarzichovec.cz\/?post_type=product&#038;p=76806"},"modified":"2026-04-16T17:13:26","modified_gmt":"2026-04-16T15:13:26","slug":"freezing-point-14-copy-2","status":"publish","type":"product","link":"https:\/\/pivovarzichovec.cz\/en\/product\/freezing-point-14-copy-2\/","title":{"rendered":"Sour Blackcurrant Lavender 12"},"content":{"rendered":"<p>Sour Blackcurrant Lavender is a bright and refreshing sour ale that brings together two bold but surprisingly balanced ingredients \u2013 blackcurrant and lavender.<\/p>\n<p>The blackcurrant adds a direct, fruity tartness with plenty of juicy depth, while the lavender softens the overall flavour with its delicate floral notes, adding elegance and a subtle aromatic twist.<\/p>\n<p>We didn\u2019t choose just any lavender \u2013 just like in our Lavender Gose, we sourced it locally from Levandule pod \u0158\u00edpem, a lavender farm in \u017didonice, right here in our region. This local ingredient gives the beer not only its distinct character but also a story we\u2019re proud to share.<\/p>\n<p>The result is a light, dry and highly drinkable sour ale with a truly unique aromatic profile.<\/p>\n<p>&nbsp;<\/p>\n","protected":false},"excerpt":{"rendered":"<p>A sour ale that blends juicy blackcurrant with the soft aroma of lavender from a local farm. Refreshing, fragrant and a slightly unexpected flavour combo that just works.<\/p>\n","protected":false},"featured_media":76810,"comment_status":"closed","ping_status":"closed","template":"","meta":{"_acf_changed":false},"product_brand":[],"product_cat":[215,211],"product_tag":[],"class_list":{"0":"post-76806","1":"product","2":"type-product","3":"status-publish","4":"has-post-thumbnail","6":"product_cat-our-beers","7":"product_cat-novelties-limited-beers","8":"pa_kategorie-novelties-limited-beers","9":"pa_konzumace-served-and-drink-chilled","10":"pa_obal-can","11":"pa_skladovani-protect-from-frost-and-direct-sunlight-store-up-to-8c","13":"first","14":"instock","15":"taxable","16":"shipping-taxable","17":"purchasable","18":"product-type-simple"},"bundle_layout":"","bundled_by":[],"bundled_items":[],"acf":[],"_links":{"self":[{"href":"https:\/\/pivovarzichovec.cz\/en\/wp-json\/wp\/v2\/product\/76806","targetHints":{"allow":["GET"]}}],"collection":[{"href":"https:\/\/pivovarzichovec.cz\/en\/wp-json\/wp\/v2\/product"}],"about":[{"href":"https:\/\/pivovarzichovec.cz\/en\/wp-json\/wp\/v2\/types\/product"}],"replies":[{"embeddable":true,"href":"https:\/\/pivovarzichovec.cz\/en\/wp-json\/wp\/v2\/comments?post=76806"}],"version-history":[{"count":1,"href":"https:\/\/pivovarzichovec.cz\/en\/wp-json\/wp\/v2\/product\/76806\/revisions"}],"predecessor-version":[{"id":76812,"href":"https:\/\/pivovarzichovec.cz\/en\/wp-json\/wp\/v2\/product\/76806\/revisions\/76812"}],"wp:featuredmedia":[{"embeddable":true,"href":"https:\/\/pivovarzichovec.cz\/en\/wp-json\/wp\/v2\/media\/76810"}],"wp:attachment":[{"href":"https:\/\/pivovarzichovec.cz\/en\/wp-json\/wp\/v2\/media?parent=76806"}],"wp:term":[{"taxonomy":"product_brand","embeddable":true,"href":"https:\/\/pivovarzichovec.cz\/en\/wp-json\/wp\/v2\/product_brand?post=76806"},{"taxonomy":"product_cat","embeddable":true,"href":"https:\/\/pivovarzichovec.cz\/en\/wp-json\/wp\/v2\/product_cat?post=76806"},{"taxonomy":"product_tag","embeddable":true,"href":"https:\/\/pivovarzichovec.cz\/en\/wp-json\/wp\/v2\/product_tag?post=76806"}],"curies":[{"name":"wp","href":"https:\/\/api.w.org\/{rel}","templated":true}]}}