{"id":7955,"date":"2020-11-17T12:45:16","date_gmt":"2020-11-17T11:45:16","guid":{"rendered":"https:\/\/pivovarzichovec.cz\/produkt\/double-stolen-haze-17\/"},"modified":"2026-04-06T06:13:26","modified_gmt":"2026-04-06T04:13:26","slug":"double-stolen-haze-17","status":"publish","type":"product","link":"https:\/\/pivovarzichovec.cz\/en\/product\/double-stolen-haze-17\/","title":{"rendered":"DOUBLE STOLEN HAZE 17"},"content":{"rendered":"<p><span data-contrast=\"auto\">In the recipe for Double Stolen Haze, we took advantage of the creamy properties of oatmeal, which we used in a really high amount &#8211; up to a quarter of the grist. The beer is thus really dense and delicate, which is a great basis for subsequent rich hopping with the American varieties Columbus, Mosaic, Amarillo and Citra. Expect a really intense citrus and stone fruit whirlwind of flavors. Brewing modern IPAs with Va\u0161ek Vom\u00e1\u010dko is simply an experience that is a joy to share.<\/span><\/p>\n<p><span data-contrast=\"auto\">The \u010cern\u00fd potoka brewery has become a legend on the Czech craft scene thanks to its steaming, fragrant IPA, and that was at a time when many Czech brewers were just getting their hands on the first modern beer styles. The story of Va\u0161ek Vom\u00e1\u010dko and his brewery is a motivation for every brewer, because Va\u0161ek really rose from the homebrewing pot to the top of the Czech ratings and many of their beers have become domestic models for others. As a bonus, Va\u0161ek and his family, who often help him with the brewery, are a really great bunch full of enthusiasm and it&#8217;s always a pleasure to chat with them.<\/span><\/p>\n","protected":false},"excerpt":{"rendered":"<p><span class=\"TextRun SCXO22829372 BCX0\" lang=\"CS-CZ\" xml:lang=\"CS-CZ\" data-contrast=\"auto\"><span class=\"NormalTextRun SCXO22829372 BCX0\">We have been producing the collab beer Stolen Haze with the \u010dern\u00fd potoka brewery for quite some time. This is a stronger version of it, where we combine the skills of both breweries to bring you a really nice aromatic and drinkable New England IPA with rich fruitiness from modern hops, low bitterness and a thick body.<\/span><\/span><span class=\"EOP SCXO22829372 BCX0\">\u00a0<\/span><\/p>\n","protected":false},"featured_media":7486,"comment_status":"closed","ping_status":"closed","template":"","meta":{"_acf_changed":false},"product_brand":[],"product_cat":[215,212,211],"product_tag":[],"class_list":{"0":"post-7955","1":"product","2":"type-product","3":"status-publish","4":"has-post-thumbnail","6":"product_cat-our-beers","7":"product_cat-cooperation","8":"product_cat-novelties-limited-beers","9":"pa_chut-hoppy","10":"pa_kategorie-cooperation","11":"pa_kategorie-novelties-limited-beers","12":"pa_konzumace-served-and-drink-chilled","13":"pa_obal-can","14":"pa_skladovani-protect-from-frost-and-direct-sunlight-store-up-to-8c","16":"first","17":"outofstock","18":"taxable","19":"shipping-taxable","20":"purchasable","21":"product-type-simple"},"bundle_layout":"","bundled_by":[],"bundled_items":[],"acf":[],"_links":{"self":[{"href":"https:\/\/pivovarzichovec.cz\/en\/wp-json\/wp\/v2\/product\/7955","targetHints":{"allow":["GET"]}}],"collection":[{"href":"https:\/\/pivovarzichovec.cz\/en\/wp-json\/wp\/v2\/product"}],"about":[{"href":"https:\/\/pivovarzichovec.cz\/en\/wp-json\/wp\/v2\/types\/product"}],"replies":[{"embeddable":true,"href":"https:\/\/pivovarzichovec.cz\/en\/wp-json\/wp\/v2\/comments?post=7955"}],"version-history":[{"count":0,"href":"https:\/\/pivovarzichovec.cz\/en\/wp-json\/wp\/v2\/product\/7955\/revisions"}],"wp:featuredmedia":[{"embeddable":true,"href":"https:\/\/pivovarzichovec.cz\/en\/wp-json\/wp\/v2\/media\/7486"}],"wp:attachment":[{"href":"https:\/\/pivovarzichovec.cz\/en\/wp-json\/wp\/v2\/media?parent=7955"}],"wp:term":[{"taxonomy":"product_brand","embeddable":true,"href":"https:\/\/pivovarzichovec.cz\/en\/wp-json\/wp\/v2\/product_brand?post=7955"},{"taxonomy":"product_cat","embeddable":true,"href":"https:\/\/pivovarzichovec.cz\/en\/wp-json\/wp\/v2\/product_cat?post=7955"},{"taxonomy":"product_tag","embeddable":true,"href":"https:\/\/pivovarzichovec.cz\/en\/wp-json\/wp\/v2\/product_tag?post=7955"}],"curies":[{"name":"wp","href":"https:\/\/api.w.org\/{rel}","templated":true}]}}