{"id":8375,"date":"2020-12-02T00:51:24","date_gmt":"2020-12-01T23:51:24","guid":{"rendered":"https:\/\/pivovarzichovec.cz\/produkt\/8375\/"},"modified":"2026-04-21T06:29:17","modified_gmt":"2026-04-21T04:29:17","slug":"rohlicek-20-2","status":"publish","type":"product","link":"https:\/\/pivovarzichovec.cz\/en\/product\/rohlicek-20-2\/","title":{"rendered":"ROHL\u00cd\u010cEK 20"},"content":{"rendered":"<p><span class=\"TextRun SCXO118766283 BCX0\" lang=\"CS-CZ\" xml:lang=\"CS-CZ\" data-contrast=\"auto\"><span class=\"NormalTextRun SCXO118766283 BCX0\">Baking Christmas sweets is an inseparable part of the festive season and so i brewing our Rohl\u00ed\u010dek inspired by the Czech sweet of the same name. Recipe of our Christmas milk stout is based on a thick dark malt backbone, tha we softened with the use of vanilla beans and lactose. Lactose is separated milk sugar, unfermentable for classic beer yeast, this ingredient ensures a creamy and sweet body that we love in our milk stouts. We suggest you relax and watch your favorite Christmas movies when drinking our Rohl\u00ed\u010dek.<\/span><\/span><span class=\"EOP SCXO118766283 BCX0\">\u00a0<\/span><\/p>\n","protected":false},"excerpt":{"rendered":"<p><span class=\"TextRun SCXO187269598 BCX0\" lang=\"CS-CZ\" xml:lang=\"CS-CZ\" data-contrast=\"auto\"><span class=\"SpellingError SCXO187269598 BCX0\">One<\/span><span class=\"NormalTextRun SCXO187269598 BCX0\">\u00a0<\/span><span class=\"SpellingError SCXO187269598 BCX0\">of<\/span><span class=\"NormalTextRun SCXO187269598 BCX0\">\u00a0<\/span><span class=\"SpellingError SCXO187269598 BCX0\">the<\/span><span class=\"NormalTextRun SCXO187269598 BCX0\">\u00a0most\u00a0<\/span><span class=\"SpellingError SCXO187269598 BCX0\">legendary<\/span><span class=\"NormalTextRun SCXO187269598 BCX0\">\u00a0Czech\u00a0<\/span><span class=\"SpellingError SCXO187269598 BCX0\">Christmas<\/span><span class=\"NormalTextRun SCXO187269598 BCX0\">\u00a0<\/span><span class=\"SpellingError SCXO187269598 BCX0\">sweets<\/span><span class=\"NormalTextRun SCXO187269598 BCX0\">\u00a0<\/span><span class=\"SpellingError SCXO187269598 BCX0\">is<\/span><span class=\"NormalTextRun SCXO187269598 BCX0\">\u00a0<\/span><span class=\"SpellingError SCXO187269598 BCX0\">definetely<\/span><span class=\"NormalTextRun SCXO187269598 BCX0\">\u00a0&#8220;vanilkov\u00fd rohl\u00ed\u010dek&#8221;.\u00a0<\/span><span class=\"SpellingError SCXO187269598 BCX0\">This<\/span><span class=\"NormalTextRun SCXO187269598 BCX0\">\u00a0<\/span><span class=\"SpellingError SCXO187269598 BCX0\">little<\/span><span class=\"NormalTextRun SCXO187269598 BCX0\">\u00a0<\/span><span class=\"SpellingError SCXO187269598 BCX0\">sugar<\/span><span class=\"NormalTextRun SCXO187269598 BCX0\">\u00a0<\/span><span class=\"SpellingError SCXO187269598 BCX0\">treat<\/span><span class=\"NormalTextRun SCXO187269598 BCX0\">\u00a0<\/span><span class=\"SpellingError SCXO187269598 BCX0\">inspired<\/span><span class=\"NormalTextRun SCXO187269598 BCX0\">\u00a0<\/span><span class=\"SpellingError SCXO187269598 BCX0\">us<\/span><span class=\"NormalTextRun SCXO187269598 BCX0\">\u00a0to\u00a0<\/span><span class=\"SpellingError SCXO187269598 BCX0\">create<\/span><span class=\"NormalTextRun SCXO187269598 BCX0\">\u00a0a\u00a0<\/span><span class=\"SpellingError SCXO187269598 BCX0\">huge<\/span><span class=\"NormalTextRun SCXO187269598 BCX0\">\u00a0Imperial\u00a0<\/span><span class=\"SpellingError SCXO187269598 BCX0\">Milk<\/span><span class=\"NormalTextRun SCXO187269598 BCX0\">\u00a0<\/span><span class=\"SpellingError SCXO187269598 BCX0\">Stout<\/span><span class=\"NormalTextRun SCXO187269598 BCX0\">\u00a0<\/span><span class=\"SpellingError SCXO187269598 BCX0\">with<\/span><span class=\"NormalTextRun SCXO187269598 BCX0\">\u00a0<\/span><span class=\"SpellingError SCXO187269598 BCX0\">added<\/span><span class=\"NormalTextRun SCXO187269598 BCX0\">\u00a0<\/span><span class=\"SpellingError SCXO187269598 BCX0\">Vanilla<\/span><span class=\"NormalTextRun SCXO187269598 BCX0\">.\u00a0<\/span><span class=\"SpellingError SCXO187269598 BCX0\">This<\/span><span class=\"NormalTextRun SCXO187269598 BCX0\">\u00a0<\/span><span class=\"SpellingError SCXO187269598 BCX0\">is<\/span><span class=\"NormalTextRun SCXO187269598 BCX0\">\u00a0a\u00a0<\/span><span class=\"SpellingError SCXO187269598 BCX0\">fireplace<\/span><span class=\"NormalTextRun SCXO187269598 BCX0\">\u00a0<\/span><span class=\"SpellingError SCXO187269598 BCX0\">beer<\/span><span class=\"NormalTextRun SCXO187269598 BCX0\">\u00a0<\/span><span class=\"SpellingError SCXO187269598 BCX0\">you<\/span><span class=\"NormalTextRun SCXO187269598 BCX0\">\u00a0<\/span><span class=\"SpellingError SCXO187269598 BCX0\">can<\/span><span class=\"NormalTextRun SCXO187269598 BCX0\">\u00a0<\/span><span class=\"SpellingError SCXO187269598 BCX0\">slowly<\/span><span class=\"NormalTextRun SCXO187269598 BCX0\">\u00a0<\/span><span class=\"SpellingError SCXO187269598 BCX0\">sip<\/span><span class=\"NormalTextRun SCXO187269598 BCX0\">\u00a0in\u00a0<\/span><span class=\"SpellingError SCXO187269598 BCX0\">your<\/span><span class=\"NormalTextRun SCXO187269598 BCX0\">\u00a0<\/span><span class=\"SpellingError SCXO187269598 BCX0\">armchair<\/span><span class=\"NormalTextRun SCXO187269598 BCX0\">,\u00a0<\/span><span class=\"SpellingError SCXO187269598 BCX0\">while<\/span><span class=\"NormalTextRun SCXO187269598 BCX0\">\u00a0<\/span><span class=\"SpellingError SCXO187269598 BCX0\">the<\/span><span class=\"NormalTextRun SCXO187269598 BCX0\">\u00a0<\/span><span class=\"SpellingError SCXO187269598 BCX0\">Christmas<\/span><span class=\"NormalTextRun SCXO187269598 BCX0\">\u00a0<\/span><span class=\"SpellingError SCXO187269598 BCX0\">madness<\/span><span class=\"NormalTextRun SCXO187269598 BCX0\">\u00a0<\/span><span class=\"SpellingError SCXO187269598 BCX0\">happens<\/span><span class=\"NormalTextRun SCXO187269598 BCX0\">\u00a0<\/span><span class=\"SpellingError SCXO187269598 BCX0\">around<\/span><span class=\"NormalTextRun SCXO187269598 BCX0\">\u00a0<\/span><span class=\"SpellingError SCXO187269598 BCX0\">you<\/span><span class=\"NormalTextRun SCXO187269598 BCX0\">.<\/span><\/span><span class=\"EOP SCXO187269598 BCX0\">\u00a0<\/span><\/p>\n","protected":false},"featured_media":40836,"comment_status":"open","ping_status":"closed","template":"","meta":{"_acf_changed":false},"product_brand":[],"product_cat":[215,211],"product_tag":[],"class_list":{"0":"post-8375","1":"product","2":"type-product","3":"status-publish","4":"has-post-thumbnail","6":"product_cat-our-beers","7":"product_cat-novelties-limited-beers","8":"pa_chut-roasted","9":"pa_chut-sweet","10":"pa_kategorie-novelties-limited-beers","11":"pa_kategorie-christmas-beer","12":"pa_konzumace-served-and-drink-chilled","13":"pa_obal-can","14":"pa_skladovani-protect-from-frost-and-direct-sunlight-store-up-to-8c","16":"first","17":"outofstock","18":"taxable","19":"shipping-taxable","20":"purchasable","21":"product-type-simple"},"bundle_layout":"","bundled_by":[],"bundled_items":[],"acf":[],"_links":{"self":[{"href":"https:\/\/pivovarzichovec.cz\/en\/wp-json\/wp\/v2\/product\/8375","targetHints":{"allow":["GET"]}}],"collection":[{"href":"https:\/\/pivovarzichovec.cz\/en\/wp-json\/wp\/v2\/product"}],"about":[{"href":"https:\/\/pivovarzichovec.cz\/en\/wp-json\/wp\/v2\/types\/product"}],"replies":[{"embeddable":true,"href":"https:\/\/pivovarzichovec.cz\/en\/wp-json\/wp\/v2\/comments?post=8375"}],"version-history":[{"count":0,"href":"https:\/\/pivovarzichovec.cz\/en\/wp-json\/wp\/v2\/product\/8375\/revisions"}],"wp:featuredmedia":[{"embeddable":true,"href":"https:\/\/pivovarzichovec.cz\/en\/wp-json\/wp\/v2\/media\/40836"}],"wp:attachment":[{"href":"https:\/\/pivovarzichovec.cz\/en\/wp-json\/wp\/v2\/media?parent=8375"}],"wp:term":[{"taxonomy":"product_brand","embeddable":true,"href":"https:\/\/pivovarzichovec.cz\/en\/wp-json\/wp\/v2\/product_brand?post=8375"},{"taxonomy":"product_cat","embeddable":true,"href":"https:\/\/pivovarzichovec.cz\/en\/wp-json\/wp\/v2\/product_cat?post=8375"},{"taxonomy":"product_tag","embeddable":true,"href":"https:\/\/pivovarzichovec.cz\/en\/wp-json\/wp\/v2\/product_tag?post=8375"}],"curies":[{"name":"wp","href":"https:\/\/api.w.org\/{rel}","templated":true}]}}